{"id":191,"date":"2025-11-15T10:40:00","date_gmt":"2025-11-15T10:40:00","guid":{"rendered":"https:\/\/conesaespaisalut.com\/?page_id=191"},"modified":"2025-11-28T08:11:34","modified_gmt":"2025-11-28T08:11:34","slug":"nutricion","status":"publish","type":"page","link":"https:\/\/conesaespaisalut.com\/ca\/nutricion\/","title":{"rendered":"Nutrici\u00f3"},"content":{"rendered":"<div data-elementor-type=\"wp-page\" data-elementor-id=\"191\" class=\"elementor elementor-191\" data-elementor-post-type=\"page\">\n\t\t\t\t<div class=\"elementor-element elementor-element-e560727 e-flex e-con-boxed e-con e-parent\" data-id=\"e560727\" data-element_type=\"container\" data-settings=\"{&quot;background_background&quot;:&quot;classic&quot;}\">\n\t\t\t\t\t<div class=\"e-con-inner\">\n\t\t\t\t<div class=\"elementor-element elementor-element-29a95e3 elementor-widget elementor-widget-text-editor\" data-id=\"29a95e3\" data-element_type=\"widget\" data-widget_type=\"text-editor.default\">\n\t\t\t\t\t\t\t\t\t<p>Treballem la nutrici\u00f3 des d\u00b4un enfocament educatiu, personalitzat i basat en l\u00b4evid\u00e8ncia cient\u00edfica, oferint l\u00b4acompanyament d\u00b4una nutricionista a Matar\u00f3 compromesa amb el teu benestar.<\/p>\t\t\t\t\t\t\t\t<\/div>\n\t\t\t\t\t<\/div>\n\t\t\t\t<\/div>\n\t\t<div class=\"elementor-element elementor-element-24da44d e-flex e-con-boxed e-con e-parent\" data-id=\"24da44d\" data-element_type=\"container\">\n\t\t\t\t\t<div class=\"e-con-inner\">\n\t\t\t\t<div class=\"elementor-element elementor-element-edee0e2 elementor-widget elementor-widget-heading\" data-id=\"edee0e2\" data-element_type=\"widget\" data-widget_type=\"heading.default\">\n\t\t\t\t\t<h2 class=\"elementor-heading-title elementor-size-default\">\u00c0rees<\/h2>\t\t\t\t<\/div>\n\t\t\t\t<div class=\"elementor-element elementor-element-f164da7 e-n-tabs-mobile elementor-widget elementor-widget-n-tabs\" data-id=\"f164da7\" data-element_type=\"widget\" data-settings=\"{&quot;horizontal_scroll&quot;:&quot;disable&quot;}\" data-widget_type=\"nested-tabs.default\">\n\t\t\t\t\t\t\t<div class=\"e-n-tabs\" data-widget-number=\"253119911\" aria-label=\"Pestanyes. Obre elements amb Intro o Espai, tanca&#039;ls amb Escape i navega amb les dates.\">\n\t\t\t<div class=\"e-n-tabs-heading\" role=\"tablist\">\n\t\t\t\t\t<button id=\"e-n-tab-title-2531199111\" data-tab-title-id=\"e-n-tab-title-2531199111\" class=\"e-n-tab-title\" aria-selected=\"true\" data-tab-index=\"1\" role=\"tab\" tabindex=\"0\" aria-controls=\"e-n-tab-content-2531199111\" style=\"--n-tabs-title-order: 1;\">\n\t\t\t\t\t\t<span class=\"e-n-tab-title-text\">\n\t\t\t\tAlimentaci\u00f3 i h\u00e0bits saludables\t\t\t<\/span>\n\t\t<\/button>\n\t\t\t\t<button id=\"e-n-tab-title-2531199112\" data-tab-title-id=\"e-n-tab-title-2531199112\" class=\"e-n-tab-title\" aria-selected=\"false\" data-tab-index=\"2\" role=\"tab\" tabindex=\"-1\" aria-controls=\"e-n-tab-content-2531199112\" style=\"--n-tabs-title-order: 2;\">\n\t\t\t\t\t\t<span class=\"e-n-tab-title-text\">\n\t\t\t\tNutrici\u00f3 cl\u00ednica\t\t\t<\/span>\n\t\t<\/button>\n\t\t\t\t<button id=\"e-n-tab-title-2531199113\" data-tab-title-id=\"e-n-tab-title-2531199113\" class=\"e-n-tab-title\" aria-selected=\"false\" data-tab-index=\"3\" role=\"tab\" tabindex=\"-1\" aria-controls=\"e-n-tab-content-2531199113\" style=\"--n-tabs-title-order: 3;\">\n\t\t\t\t\t\t<span class=\"e-n-tab-title-text\">\n\t\t\t\tNutrici\u00f3 esportiva i suplementaci\u00f3\t\t\t<\/span>\n\t\t<\/button>\n\t\t\t\t\t<\/div>\n\t\t\t<div class=\"e-n-tabs-content\">\n\t\t\t\t<div id=\"e-n-tab-content-2531199111\" role=\"tabpanel\" aria-labelledby=\"e-n-tab-title-2531199111\" data-tab-index=\"1\" style=\"--n-tabs-title-order: 1;\" class=\"e-active elementor-element elementor-element-549f669 e-con-full e-flex e-con e-child\" data-id=\"549f669\" data-element_type=\"container\">\n\t\t<div class=\"elementor-element elementor-element-41b300b e-con-full e-flex e-con e-child\" data-id=\"41b300b\" data-element_type=\"container\" data-settings=\"{&quot;background_background&quot;:&quot;classic&quot;}\">\n\t\t\t\t<div class=\"elementor-element elementor-element-87ec5d9 elementor-widget elementor-widget-spacer\" data-id=\"87ec5d9\" data-element_type=\"widget\" data-widget_type=\"spacer.default\">\n\t\t\t\t\t\t\t<div class=\"elementor-spacer\">\n\t\t\t<div class=\"elementor-spacer-inner\"><\/div>\n\t\t<\/div>\n\t\t\t\t\t\t<\/div>\n\t\t\t\t<\/div>\n\t\t<div class=\"elementor-element elementor-element-f95c3de e-con-full e-flex e-con e-child\" data-id=\"f95c3de\" data-element_type=\"container\">\n\t\t\t\t<div class=\"elementor-element elementor-element-9c3fcc8 elementor-widget elementor-widget-heading\" data-id=\"9c3fcc8\" data-element_type=\"widget\" data-widget_type=\"heading.default\">\n\t\t\t\t\t<h2 class=\"elementor-heading-title elementor-size-default\">Alimentaci\u00f3 i h\u00e0bits saludables<\/h2>\t\t\t\t<\/div>\n\t\t\t\t<div class=\"elementor-element elementor-element-c0aeaeb elementor-widget elementor-widget-text-editor\" data-id=\"c0aeaeb\" data-element_type=\"widget\" data-widget_type=\"text-editor.default\">\n\t\t\t\t\t\t\t\t\t<p><span style=\"font-weight: 400\">Apr\u00e8n a triar aliments nutritius i de qualitat per sentir-te amb m\u00e9s energia i benestar al teu dia a dia. Treballem amb tu per crear\u00a0<\/span><b>h\u00e0bits sostenibles<\/b><span style=\"font-weight: 400\">, millorar les teves digestions, el teu descans i la teva relaci\u00f3 amb el menjar.<\/span><span style=\"font-weight: 400\"><br \/><\/span><\/p><p><span style=\"font-weight: 400\">L&#039;objectiu \u00e9s ajudar-te a\u00a0<\/span><b>menjar millor sense restriccions<\/b><span style=\"font-weight: 400\">, entenent qu\u00e8 necessita el teu cos i com adaptar la teva alimentaci\u00f3 al teu estil de vida.<\/span><\/p>\t\t\t\t\t\t\t\t<\/div>\n\t\t\t\t<div class=\"elementor-element elementor-element-3353b80 elementor-widget elementor-widget-heading\" data-id=\"3353b80\" data-element_type=\"widget\" data-widget_type=\"heading.default\">\n\t\t\t\t\t<h2 class=\"elementor-heading-title elementor-size-default\">\u201cMillora la teva energia, digestions i benestar aprenent a menjar de manera equilibrada, sense restriccions i amb h\u00e0bits sostenibles\u201d<\/h2>\t\t\t\t<\/div>\n\t\t\t\t<div class=\"elementor-element elementor-element-931b134 elementor-widget elementor-widget-button\" data-id=\"931b134\" data-element_type=\"widget\" data-widget_type=\"button.default\">\n\t\t\t\t\t\t\t\t\t\t<a class=\"elementor-button elementor-button-link elementor-size-sm\" href=\"\/ca\/contacto\/\">\n\t\t\t\t\t\t<span class=\"elementor-button-content-wrapper\">\n\t\t\t\t\t\t\t\t\t<span class=\"elementor-button-text\">Contacte<\/span>\n\t\t\t\t\t<\/span>\n\t\t\t\t\t<\/a>\n\t\t\t\t\t\t\t\t<\/div>\n\t\t\t\t<div class=\"elementor-element elementor-element-52c3da4 elementor-widget elementor-widget-button\" data-id=\"52c3da4\" data-element_type=\"widget\" data-widget_type=\"button.default\">\n\t\t\t\t\t\t\t\t\t\t<a class=\"elementor-button elementor-button-link elementor-size-sm\" href=\"https:\/\/web.timp.pro\/home\/21129\/branch_building\/siblings\" target=\"_blank\">\n\t\t\t\t\t\t<span class=\"elementor-button-content-wrapper\">\n\t\t\t\t\t\t\t\t\t<span class=\"elementor-button-text\">Reserva<\/span>\n\t\t\t\t\t<\/span>\n\t\t\t\t\t<\/a>\n\t\t\t\t\t\t\t\t<\/div>\n\t\t\t\t<\/div>\n\t\t\t\t<\/div>\n\t\t<div id=\"e-n-tab-content-2531199112\" role=\"tabpanel\" aria-labelledby=\"e-n-tab-title-2531199112\" data-tab-index=\"2\" style=\"--n-tabs-title-order: 2;\" class=\"elementor-element elementor-element-5b66db0 e-con-full e-flex e-con e-child\" data-id=\"5b66db0\" data-element_type=\"container\">\n\t\t<div class=\"elementor-element elementor-element-fd6240e e-con-full e-flex e-con e-child\" data-id=\"fd6240e\" data-element_type=\"container\" data-settings=\"{&quot;background_background&quot;:&quot;classic&quot;}\">\n\t\t\t\t<div class=\"elementor-element elementor-element-46aec7c elementor-widget elementor-widget-spacer\" data-id=\"46aec7c\" data-element_type=\"widget\" data-widget_type=\"spacer.default\">\n\t\t\t\t\t\t\t<div class=\"elementor-spacer\">\n\t\t\t<div class=\"elementor-spacer-inner\"><\/div>\n\t\t<\/div>\n\t\t\t\t\t\t<\/div>\n\t\t\t\t<\/div>\n\t\t<div class=\"elementor-element elementor-element-ea253ca e-con-full e-flex e-con e-child\" data-id=\"ea253ca\" data-element_type=\"container\">\n\t\t\t\t<div class=\"elementor-element elementor-element-e3af649 elementor-widget elementor-widget-heading\" data-id=\"e3af649\" data-element_type=\"widget\" data-widget_type=\"heading.default\">\n\t\t\t\t\t<h2 class=\"elementor-heading-title elementor-size-default\">Nutrici\u00f3 cl\u00ednica<\/h2>\t\t\t\t<\/div>\n\t\t\t\t<div class=\"elementor-element elementor-element-d2646fb elementor-widget elementor-widget-text-editor\" data-id=\"d2646fb\" data-element_type=\"widget\" data-widget_type=\"text-editor.default\">\n\t\t\t\t\t\t\t\t\t<p><span style=\"font-weight: 400\">Abordem l&#039;alimentaci\u00f3 com una eina clau per a\u00a0<\/span><b>millorar la salut i prevenir malalties<\/b><span style=\"font-weight: 400\">. <\/span><\/p><p><span style=\"font-weight: 400\">Dissenyem plans personalitzats per al\u00a0<\/span><b>control de pes<\/b><span style=\"font-weight: 400\">, aix\u00ed com per al maneig de\u00a0<\/span><b>patologies digestives, metab\u00f2liques o hormonals<\/b><span style=\"font-weight: 400\">\u00a0(com a s\u00edndrome de l&#039;intest\u00ed irritable, resist\u00e8ncia a la insulina, hipotiro\u00efdisme o dislip\u00e8mies).<\/span><span style=\"font-weight: 400\"><br \/><\/span><\/p><p><span style=\"font-weight: 400\">L&#039;acompanyament se centra en\u00a0<\/span><b>recuperar lequilibri del cos<\/b><span style=\"font-weight: 400\">\u00a0i millorar la qualitat de vida a trav\u00e9s de canvis sostenibles.<\/span><\/p>\t\t\t\t\t\t\t\t<\/div>\n\t\t\t\t<div class=\"elementor-element elementor-element-5c5f1ad elementor-widget elementor-widget-heading\" data-id=\"5c5f1ad\" data-element_type=\"widget\" data-widget_type=\"heading.default\">\n\t\t\t\t\t<h2 class=\"elementor-heading-title elementor-size-default\">\"Cuidem la teva salut a trav\u00e9s de l'alimentaci\u00f3: control de pes, salut digestiva, metab\u00f2lica i hormonal amb un pla personalitzat\"<\/h2>\t\t\t\t<\/div>\n\t\t\t\t<div class=\"elementor-element elementor-element-f5f3b2f elementor-widget elementor-widget-button\" data-id=\"f5f3b2f\" data-element_type=\"widget\" data-widget_type=\"button.default\">\n\t\t\t\t\t\t\t\t\t\t<a class=\"elementor-button elementor-button-link elementor-size-sm\" href=\"\/ca\/contacto\/\">\n\t\t\t\t\t\t<span class=\"elementor-button-content-wrapper\">\n\t\t\t\t\t\t\t\t\t<span class=\"elementor-button-text\">Contacte<\/span>\n\t\t\t\t\t<\/span>\n\t\t\t\t\t<\/a>\n\t\t\t\t\t\t\t\t<\/div>\n\t\t\t\t<div class=\"elementor-element elementor-element-a1e5002 elementor-widget elementor-widget-button\" data-id=\"a1e5002\" data-element_type=\"widget\" data-widget_type=\"button.default\">\n\t\t\t\t\t\t\t\t\t\t<a class=\"elementor-button elementor-button-link elementor-size-sm\" href=\"https:\/\/web.timp.pro\/home\/21129\/branch_building\/siblings\" target=\"_blank\">\n\t\t\t\t\t\t<span class=\"elementor-button-content-wrapper\">\n\t\t\t\t\t\t\t\t\t<span class=\"elementor-button-text\">Reserva<\/span>\n\t\t\t\t\t<\/span>\n\t\t\t\t\t<\/a>\n\t\t\t\t\t\t\t\t<\/div>\n\t\t\t\t<\/div>\n\t\t\t\t<\/div>\n\t\t<div id=\"e-n-tab-content-2531199113\" role=\"tabpanel\" aria-labelledby=\"e-n-tab-title-2531199113\" data-tab-index=\"3\" style=\"--n-tabs-title-order: 3;\" class=\"elementor-element elementor-element-7962953 e-con-full e-flex e-con e-child\" data-id=\"7962953\" data-element_type=\"container\">\n\t\t<div class=\"elementor-element elementor-element-499fb5f e-con-full e-flex e-con e-child\" data-id=\"499fb5f\" data-element_type=\"container\" data-settings=\"{&quot;background_background&quot;:&quot;slideshow&quot;,&quot;background_slideshow_gallery&quot;:[{&quot;id&quot;:432,&quot;url&quot;:&quot;https:\\\/\\\/conesaespaisalut.com\\\/wp-content\\\/uploads\\\/2025\\\/11\\\/IMG_2969-copia-scaled.jpeg&quot;},{&quot;id&quot;:436,&quot;url&quot;:&quot;https:\\\/\\\/conesaespaisalut.com\\\/wp-content\\\/uploads\\\/2025\\\/11\\\/Captura-de-pantalla-2025-11-24-a-las-13.31.09.png&quot;}],&quot;background_slideshow_loop&quot;:&quot;yes&quot;,&quot;background_slideshow_slide_duration&quot;:5000,&quot;background_slideshow_slide_transition&quot;:&quot;fade&quot;,&quot;background_slideshow_transition_duration&quot;:500}\">\n\t\t\t\t<div class=\"elementor-element elementor-element-885a977 elementor-widget elementor-widget-spacer\" data-id=\"885a977\" data-element_type=\"widget\" data-widget_type=\"spacer.default\">\n\t\t\t\t\t\t\t<div class=\"elementor-spacer\">\n\t\t\t<div class=\"elementor-spacer-inner\"><\/div>\n\t\t<\/div>\n\t\t\t\t\t\t<\/div>\n\t\t\t\t<\/div>\n\t\t<div class=\"elementor-element elementor-element-ef9b765 e-con-full e-flex e-con e-child\" data-id=\"ef9b765\" data-element_type=\"container\">\n\t\t\t\t<div class=\"elementor-element elementor-element-40c19a4 elementor-widget elementor-widget-heading\" data-id=\"40c19a4\" data-element_type=\"widget\" data-widget_type=\"heading.default\">\n\t\t\t\t\t<h2 class=\"elementor-heading-title elementor-size-default\">Nutrici\u00f3 esportiva i suplementaci\u00f3<\/h2>\t\t\t\t<\/div>\n\t\t\t\t<div class=\"elementor-element elementor-element-71cd1fb elementor-widget elementor-widget-text-editor\" data-id=\"71cd1fb\" data-element_type=\"widget\" data-widget_type=\"text-editor.default\">\n\t\t\t\t\t\t\t\t\t<p><span style=\"font-weight: 400\">Ajudem esportistes de tots els nivells a\u00a0<\/span><b>optimitzar-ne el rendiment, accelerar la recuperaci\u00f3 i mantenir una bona salut al llarg de la temporada<\/b><span style=\"font-weight: 400\">.<\/span><span style=\"font-weight: 400\"><br \/><\/span><\/p><p><span style=\"font-weight: 400\">Treballem amb una planificaci\u00f3 nutricional personalitzada segons la fase d&#039;entrenament o competici\u00f3, adaptant les estrat\u00e8gies d&#039;alimentaci\u00f3, hidrataci\u00f3 i suplementaci\u00f3 a les necessitats de cada esportista i els objectius.<\/span><span style=\"font-weight: 400\"><br \/><\/span><\/p><p><span style=\"font-weight: 400\">L&#039;objectiu \u00e9s\u00a0<\/span><b>rendir m\u00e9s, recuperar millor i gaudir del proc\u00e9s.<\/b><\/p>\t\t\t\t\t\t\t\t<\/div>\n\t\t\t\t<div class=\"elementor-element elementor-element-0913087 elementor-widget elementor-widget-heading\" data-id=\"0913087\" data-element_type=\"widget\" data-widget_type=\"heading.default\">\n\t\t\t\t\t<h2 class=\"elementor-heading-title elementor-size-default\">\u201cOptimitza el teu rendiment i recuperaci\u00f3 amb una planificaci\u00f3 nutricional adaptada als teus entrenaments, competicions i objectius\u201d<\/h2>\t\t\t\t<\/div>\n\t\t\t\t<div class=\"elementor-element elementor-element-a23ad3b elementor-widget elementor-widget-button\" data-id=\"a23ad3b\" data-element_type=\"widget\" data-widget_type=\"button.default\">\n\t\t\t\t\t\t\t\t\t\t<a class=\"elementor-button elementor-button-link elementor-size-sm\" href=\"\/ca\/contacto\/\">\n\t\t\t\t\t\t<span class=\"elementor-button-content-wrapper\">\n\t\t\t\t\t\t\t\t\t<span class=\"elementor-button-text\">Contacte<\/span>\n\t\t\t\t\t<\/span>\n\t\t\t\t\t<\/a>\n\t\t\t\t\t\t\t\t<\/div>\n\t\t\t\t<div class=\"elementor-element elementor-element-7b1b700 elementor-widget elementor-widget-button\" data-id=\"7b1b700\" data-element_type=\"widget\" data-widget_type=\"button.default\">\n\t\t\t\t\t\t\t\t\t\t<a class=\"elementor-button elementor-button-link elementor-size-sm\" href=\"https:\/\/web.timp.pro\/home\/21129\/branch_building\/siblings\" target=\"_blank\">\n\t\t\t\t\t\t<span class=\"elementor-button-content-wrapper\">\n\t\t\t\t\t\t\t\t\t<span class=\"elementor-button-text\">Reserva<\/span>\n\t\t\t\t\t<\/span>\n\t\t\t\t\t<\/a>\n\t\t\t\t\t\t\t\t<\/div>\n\t\t\t\t<\/div>\n\t\t\t\t<\/div>\n\t\t\t\t\t<\/div>\n\t\t<\/div>\n\t\t\t\t\t\t<\/div>\n\t\t\t\t\t<\/div>\n\t\t\t\t<\/div>\n\t\t\t\t<\/div>","protected":false},"excerpt":{"rendered":"<p>Trabajamos la nutrici\u00f3n desde un enfoque educativo, personalizado y basado en la evidencia cient\u00edfica, ofreciendo el acompa\u00f1amiento de una nutricionista en Matar\u00f3 comprometida con tu bienestar. \u00c1reas Alimentaci\u00f3n y h\u00e1bitos saludables Nutrici\u00f3n cl\u00ednica Nutrici\u00f3n deportiva y suplementaci\u00f3n Alimentaci\u00f3n y h\u00e1bitos saludables Aprende a elegir alimentos nutritivos y de calidad para sentirte con m\u00e1s energ\u00eda y [&hellip;]<\/p>","protected":false},"author":2,"featured_media":0,"parent":0,"menu_order":0,"comment_status":"closed","ping_status":"closed","template":"","meta":{"footnotes":""},"class_list":["post-191","page","type-page","status-publish","hentry"],"yoast_head":"<!-- This site is optimized with the Yoast SEO plugin v26.4 - https:\/\/yoast.com\/wordpress\/plugins\/seo\/ -->\n<title>Nutricionista Matar\u00f3 | Conesa Espai de Salut<\/title>\n<meta name=\"description\" content=\"Nutricionista en Matar\u00f3 para mejorar tu salud, rendimiento y bienestar. Planes personalizados en Conesa Espai de Salut.\" \/>\n<meta name=\"robots\" content=\"index, follow, max-snippet:-1, max-image-preview:large, max-video-preview:-1\" \/>\n<link rel=\"canonical\" href=\"https:\/\/conesaespaisalut.com\/ca\/nutricion\/\" \/>\n<meta property=\"og:locale\" content=\"ca_ES\" \/>\n<meta property=\"og:type\" content=\"article\" \/>\n<meta property=\"og:title\" content=\"Nutricionista Matar\u00f3 | Conesa Espai de Salut\" \/>\n<meta property=\"og:description\" content=\"Nutricionista en Matar\u00f3 para mejorar tu salud, rendimiento y bienestar. Planes personalizados en Conesa Espai de Salut.\" \/>\n<meta property=\"og:url\" content=\"https:\/\/conesaespaisalut.com\/ca\/nutricion\/\" \/>\n<meta property=\"og:site_name\" content=\"conesaespaisalut.com\" \/>\n<meta property=\"article:modified_time\" content=\"2025-11-28T08:11:34+00:00\" \/>\n<meta name=\"twitter:card\" content=\"summary_large_image\" \/>\n<script type=\"application\/ld+json\" class=\"yoast-schema-graph\">{\"@context\":\"https:\/\/schema.org\",\"@graph\":[{\"@type\":\"WebPage\",\"@id\":\"https:\/\/conesaespaisalut.com\/nutricion\/\",\"url\":\"https:\/\/conesaespaisalut.com\/nutricion\/\",\"name\":\"Nutricionista Matar\u00f3 | Conesa Espai de Salut\",\"isPartOf\":{\"@id\":\"https:\/\/conesaespaisalut.com\/#website\"},\"datePublished\":\"2025-11-15T10:40:00+00:00\",\"dateModified\":\"2025-11-28T08:11:34+00:00\",\"description\":\"Nutricionista en Matar\u00f3 para mejorar tu salud, rendimiento y bienestar. Planes personalizados en Conesa Espai de Salut.\",\"breadcrumb\":{\"@id\":\"https:\/\/conesaespaisalut.com\/nutricion\/#breadcrumb\"},\"inLanguage\":\"ca\",\"potentialAction\":[{\"@type\":\"ReadAction\",\"target\":[\"https:\/\/conesaespaisalut.com\/nutricion\/\"]}]},{\"@type\":\"BreadcrumbList\",\"@id\":\"https:\/\/conesaespaisalut.com\/nutricion\/#breadcrumb\",\"itemListElement\":[{\"@type\":\"ListItem\",\"position\":1,\"name\":\"Home\",\"item\":\"https:\/\/conesaespaisalut.com\/\"},{\"@type\":\"ListItem\",\"position\":2,\"name\":\"Nutrici\u00f3n\"}]},{\"@type\":\"WebSite\",\"@id\":\"https:\/\/conesaespaisalut.com\/#website\",\"url\":\"https:\/\/conesaespaisalut.com\/\",\"name\":\"conesaespaisalut.com\",\"description\":\"\",\"publisher\":{\"@id\":\"https:\/\/conesaespaisalut.com\/#organization\"},\"potentialAction\":[{\"@type\":\"SearchAction\",\"target\":{\"@type\":\"EntryPoint\",\"urlTemplate\":\"https:\/\/conesaespaisalut.com\/?s={search_term_string}\"},\"query-input\":{\"@type\":\"PropertyValueSpecification\",\"valueRequired\":true,\"valueName\":\"search_term_string\"}}],\"inLanguage\":\"ca\"},{\"@type\":\"Organization\",\"@id\":\"https:\/\/conesaespaisalut.com\/#organization\",\"name\":\"conesaespaisalut.com\",\"url\":\"https:\/\/conesaespaisalut.com\/\",\"logo\":{\"@type\":\"ImageObject\",\"inLanguage\":\"ca\",\"@id\":\"https:\/\/conesaespaisalut.com\/#\/schema\/logo\/image\/\",\"url\":\"https:\/\/conesaespaisalut.com\/wp-content\/uploads\/2025\/11\/grayscale_transparent_nobuffer.png\",\"contentUrl\":\"https:\/\/conesaespaisalut.com\/wp-content\/uploads\/2025\/11\/grayscale_transparent_nobuffer.png\",\"width\":1280,\"height\":609,\"caption\":\"conesaespaisalut.com\"},\"image\":{\"@id\":\"https:\/\/conesaespaisalut.com\/#\/schema\/logo\/image\/\"}}]}<\/script>\n<!-- \/ Yoast SEO plugin. -->","yoast_head_json":{"title":"Nutricionista Matar\u00f3 | Conesa Espai de Salut","description":"Nutricionista en Matar\u00f3 para mejorar tu salud, rendimiento y bienestar. Planes personalizados en Conesa Espai de Salut.","robots":{"index":"index","follow":"follow","max-snippet":"max-snippet:-1","max-image-preview":"max-image-preview:large","max-video-preview":"max-video-preview:-1"},"canonical":"https:\/\/conesaespaisalut.com\/ca\/nutricion\/","og_locale":"ca_ES","og_type":"article","og_title":"Nutricionista Matar\u00f3 | Conesa Espai de Salut","og_description":"Nutricionista en Matar\u00f3 para mejorar tu salud, rendimiento y bienestar. Planes personalizados en Conesa Espai de Salut.","og_url":"https:\/\/conesaespaisalut.com\/ca\/nutricion\/","og_site_name":"conesaespaisalut.com","article_modified_time":"2025-11-28T08:11:34+00:00","twitter_card":"summary_large_image","schema":{"@context":"https:\/\/schema.org","@graph":[{"@type":"WebPage","@id":"https:\/\/conesaespaisalut.com\/nutricion\/","url":"https:\/\/conesaespaisalut.com\/nutricion\/","name":"Nutricionista Matar\u00f3 | Conesa Espai de Salut","isPartOf":{"@id":"https:\/\/conesaespaisalut.com\/#website"},"datePublished":"2025-11-15T10:40:00+00:00","dateModified":"2025-11-28T08:11:34+00:00","description":"Nutricionista en Matar\u00f3 para mejorar tu salud, rendimiento y bienestar. Planes personalizados en Conesa Espai de Salut.","breadcrumb":{"@id":"https:\/\/conesaespaisalut.com\/nutricion\/#breadcrumb"},"inLanguage":"ca","potentialAction":[{"@type":"ReadAction","target":["https:\/\/conesaespaisalut.com\/nutricion\/"]}]},{"@type":"BreadcrumbList","@id":"https:\/\/conesaespaisalut.com\/nutricion\/#breadcrumb","itemListElement":[{"@type":"ListItem","position":1,"name":"Home","item":"https:\/\/conesaespaisalut.com\/"},{"@type":"ListItem","position":2,"name":"Nutrici\u00f3n"}]},{"@type":"WebSite","@id":"https:\/\/conesaespaisalut.com\/#website","url":"https:\/\/conesaespaisalut.com\/","name":"conesaespaisalut.com","description":"","publisher":{"@id":"https:\/\/conesaespaisalut.com\/#organization"},"potentialAction":[{"@type":"SearchAction","target":{"@type":"EntryPoint","urlTemplate":"https:\/\/conesaespaisalut.com\/?s={search_term_string}"},"query-input":{"@type":"PropertyValueSpecification","valueRequired":true,"valueName":"search_term_string"}}],"inLanguage":"ca"},{"@type":"Organization","@id":"https:\/\/conesaespaisalut.com\/#organization","name":"conesaespaisalut.com","url":"https:\/\/conesaespaisalut.com\/","logo":{"@type":"ImageObject","inLanguage":"ca","@id":"https:\/\/conesaespaisalut.com\/#\/schema\/logo\/image\/","url":"https:\/\/conesaespaisalut.com\/wp-content\/uploads\/2025\/11\/grayscale_transparent_nobuffer.png","contentUrl":"https:\/\/conesaespaisalut.com\/wp-content\/uploads\/2025\/11\/grayscale_transparent_nobuffer.png","width":1280,"height":609,"caption":"conesaespaisalut.com"},"image":{"@id":"https:\/\/conesaespaisalut.com\/#\/schema\/logo\/image\/"}}]}},"_links":{"self":[{"href":"https:\/\/conesaespaisalut.com\/ca\/wp-json\/wp\/v2\/pages\/191","targetHints":{"allow":["GET"]}}],"collection":[{"href":"https:\/\/conesaespaisalut.com\/ca\/wp-json\/wp\/v2\/pages"}],"about":[{"href":"https:\/\/conesaespaisalut.com\/ca\/wp-json\/wp\/v2\/types\/page"}],"author":[{"embeddable":true,"href":"https:\/\/conesaespaisalut.com\/ca\/wp-json\/wp\/v2\/users\/2"}],"replies":[{"embeddable":true,"href":"https:\/\/conesaespaisalut.com\/ca\/wp-json\/wp\/v2\/comments?post=191"}],"version-history":[{"count":70,"href":"https:\/\/conesaespaisalut.com\/ca\/wp-json\/wp\/v2\/pages\/191\/revisions"}],"predecessor-version":[{"id":624,"href":"https:\/\/conesaespaisalut.com\/ca\/wp-json\/wp\/v2\/pages\/191\/revisions\/624"}],"wp:attachment":[{"href":"https:\/\/conesaespaisalut.com\/ca\/wp-json\/wp\/v2\/media?parent=191"}],"curies":[{"name":"wp","href":"https:\/\/api.w.org\/{rel}","templated":true}]}}