{"id":222,"date":"2025-11-15T11:37:49","date_gmt":"2025-11-15T11:37:49","guid":{"rendered":"https:\/\/conesaespaisalut.com\/?page_id=222"},"modified":"2025-11-26T15:49:42","modified_gmt":"2025-11-26T15:49:42","slug":"contacto","status":"publish","type":"page","link":"https:\/\/conesaespaisalut.com\/ca\/contacto\/","title":{"rendered":"Contacte"},"content":{"rendered":"<div data-elementor-type=\"wp-page\" data-elementor-id=\"222\" class=\"elementor elementor-222\" data-elementor-post-type=\"page\">\n\t\t\t\t<div class=\"elementor-element elementor-element-88f7f20 e-flex e-con-boxed e-con e-parent\" data-id=\"88f7f20\" data-element_type=\"container\" data-settings=\"{&quot;background_background&quot;:&quot;classic&quot;}\">\n\t\t\t\t\t<div class=\"e-con-inner\">\n\t\t\t\t\t<\/div>\n\t\t\t\t<\/div>\n\t\t<div class=\"elementor-element elementor-element-66b6c54 e-flex e-con-boxed e-con e-parent\" data-id=\"66b6c54\" data-element_type=\"container\">\n\t\t\t\t\t<div class=\"e-con-inner\">\n\t\t<div class=\"elementor-element elementor-element-c67cfb7 e-con-full e-flex e-con e-child\" data-id=\"c67cfb7\" data-element_type=\"container\">\n\t\t\t\t<div class=\"elementor-element elementor-element-21f411b elementor-widget elementor-widget-heading\" data-id=\"21f411b\" data-element_type=\"widget\" data-widget_type=\"heading.default\">\n\t\t\t\t\t<span class=\"elementor-heading-title elementor-size-default\">Contacta&#039;ns<\/span>\t\t\t\t<\/div>\n\t\t\t\t<div class=\"elementor-element elementor-element-32a9f35 elementor-widget elementor-widget-heading\" data-id=\"32a9f35\" data-element_type=\"widget\" data-widget_type=\"heading.default\">\n\t\t\t\t\t<h3 class=\"elementor-heading-title elementor-size-default\">Posa&#039;t en contacte amb nosaltres<\/h3>\t\t\t\t<\/div>\n\t\t\t\t<div class=\"elementor-element elementor-element-a68c84c elementor-widget elementor-widget-text-editor\" data-id=\"a68c84c\" data-element_type=\"widget\" data-widget_type=\"text-editor.default\">\n\t\t\t\t\t\t\t\t\t<p>A Conesa Espai de Salut volem posar-t&#039;ho f\u00e0cil perqu\u00e8 comencis a cuidar-te com et mereixes.<\/p><p>Si tens qualsevol dubte o vols m\u00e9s informaci\u00f3 sobre els nostres serveis de fisioter\u00e0pia, nutrici\u00f3 o entrenament, pots contactar amb nosaltres per qualsevol de les vies seg\u00fcents:<\/p>\t\t\t\t\t\t\t\t<\/div>\n\t\t\t\t<div class=\"elementor-element elementor-element-b7d60d3 elementor-icon-list--layout-traditional elementor-list-item-link-full_width elementor-widget elementor-widget-icon-list\" data-id=\"b7d60d3\" data-element_type=\"widget\" data-widget_type=\"icon-list.default\">\n\t\t\t\t\t\t\t<ul class=\"elementor-icon-list-items\">\n\t\t\t\t\t\t\t<li class=\"elementor-icon-list-item\">\n\t\t\t\t\t\t\t\t\t\t\t<span class=\"elementor-icon-list-icon\">\n\t\t\t\t\t\t\t<i aria-hidden=\"true\" class=\"icon icon-email\"><\/i>\t\t\t\t\t\t<\/span>\n\t\t\t\t\t\t\t\t\t\t<span class=\"elementor-icon-list-text\">info@conesaespaisalut.com<\/span>\n\t\t\t\t\t\t\t\t\t<\/li>\n\t\t\t\t\t\t\t\t<li class=\"elementor-icon-list-item\">\n\t\t\t\t\t\t\t\t\t\t\t<span class=\"elementor-icon-list-icon\">\n\t\t\t\t\t\t\t<i aria-hidden=\"true\" class=\"icon icon-phone1\"><\/i>\t\t\t\t\t\t<\/span>\n\t\t\t\t\t\t\t\t\t\t<span class=\"elementor-icon-list-text\">+34 614 044 173<\/span>\n\t\t\t\t\t\t\t\t\t<\/li>\n\t\t\t\t\t\t\t\t<li class=\"elementor-icon-list-item\">\n\t\t\t\t\t\t\t\t\t\t\t<span class=\"elementor-icon-list-icon\">\n\t\t\t\t\t\t\t<i aria-hidden=\"true\" class=\"icon icon-map-marker\"><\/i>\t\t\t\t\t\t<\/span>\n\t\t\t\t\t\t\t\t\t\t<span class=\"elementor-icon-list-text\">Carrer de Cuba, 88 \u2014 08302 Matar\u00f3, Barcelona<\/span>\n\t\t\t\t\t\t\t\t\t<\/li>\n\t\t\t\t\t\t\t\t<li class=\"elementor-icon-list-item\">\n\t\t\t\t\t\t\t\t\t\t\t<span class=\"elementor-icon-list-icon\">\n\t\t\t\t\t\t\t<i aria-hidden=\"true\" class=\"icon icon-clock2\"><\/i>\t\t\t\t\t\t<\/span>\n\t\t\t\t\t\t\t\t\t\t<span class=\"elementor-icon-list-text\">Dilluns a divendres: 8:00 \u2013 13:00 \/ 16:00 \u2013 20:00<\/span>\n\t\t\t\t\t\t\t\t\t<\/li>\n\t\t\t\t\t\t<\/ul>\n\t\t\t\t\t\t<\/div>\n\t\t\t\t<\/div>\n\t\t<div class=\"elementor-element elementor-element-72e3b9a e-con-full e-flex e-con e-child\" data-id=\"72e3b9a\" data-element_type=\"container\" data-settings=\"{&quot;background_background&quot;:&quot;classic&quot;}\">\n\t\t\t\t<div class=\"elementor-element elementor-element-6222af8 elementor-button-align-stretch elementor-widget elementor-widget-form\" data-id=\"6222af8\" data-element_type=\"widget\" data-settings=\"{&quot;step_next_label&quot;:&quot;Next&quot;,&quot;step_previous_label&quot;:&quot;Previous&quot;,&quot;button_width&quot;:&quot;100&quot;,&quot;step_type&quot;:&quot;number_text&quot;,&quot;step_icon_shape&quot;:&quot;circle&quot;}\" data-widget_type=\"form.default\">\n\t\t\t\t\t\t\t<form class=\"elementor-form\" method=\"post\" name=\"New Form\" aria-label=\"New Form\" action=\"\">\n\t\t\t<input type=\"hidden\" name=\"post_id\" value=\"222\"\/>\n\t\t\t<input type=\"hidden\" name=\"form_id\" value=\"6222af8\"\/>\n\t\t\t<input type=\"hidden\" name=\"referer_title\" value=\"Contacto - conesaespaisalut.com\" \/>\n\n\t\t\t\t\t\t\t<input type=\"hidden\" name=\"queried_id\" value=\"222\"\/>\n\t\t\t\n\t\t\t<div class=\"elementor-form-fields-wrapper elementor-labels-\">\n\t\t\t\t\t\t\t\t<div class=\"elementor-field-type-text elementor-field-group elementor-column elementor-field-group-name elementor-col-100\">\n\t\t\t\t\t\t\t\t\t\t\t\t<label for=\"form-field-name\" class=\"elementor-field-label elementor-screen-only\">\n\t\t\t\t\t\t\t\tNom\t\t\t\t\t\t\t<\/label>\n\t\t\t\t\t\t\t\t\t\t\t\t\t\t<input size=\"1\" type=\"text\" name=\"form_fields[name]\" id=\"form-field-name\" class=\"elementor-field elementor-size-sm  elementor-field-textual\" placeholder=\"Nom\">\n\t\t\t\t\t\t\t\t\t\t\t<\/div>\n\t\t\t\t\t\t\t\t<div class=\"elementor-field-type-email elementor-field-group elementor-column elementor-field-group-email elementor-col-100 elementor-field-required\">\n\t\t\t\t\t\t\t\t\t\t\t\t<label for=\"form-field-email\" class=\"elementor-field-label elementor-screen-only\">\n\t\t\t\t\t\t\t\tEmail\t\t\t\t\t\t\t<\/label>\n\t\t\t\t\t\t\t\t\t\t\t\t\t\t<input size=\"1\" type=\"email\" name=\"form_fields[email]\" id=\"form-field-email\" class=\"elementor-field elementor-size-sm  elementor-field-textual\" placeholder=\"Email\" required=\"required\">\n\t\t\t\t\t\t\t\t\t\t\t<\/div>\n\t\t\t\t\t\t\t\t<div class=\"elementor-field-type-tel elementor-field-group elementor-column elementor-field-group-field_5e42821 elementor-col-100 elementor-field-required\">\n\t\t\t\t\t\t\t\t\t\t\t\t<label for=\"form-field-field_5e42821\" class=\"elementor-field-label elementor-screen-only\">\n\t\t\t\t\t\t\t\tTel\u00e8fon\t\t\t\t\t\t\t<\/label>\n\t\t\t\t\t\t\t\t<input size=\"1\" type=\"tel\" name=\"form_fields[field_5e42821]\" id=\"form-field-field_5e42821\" class=\"elementor-field elementor-size-sm  elementor-field-textual\" placeholder=\"Tel\u00e8fon\" required=\"required\" pattern=\"[0-9()#&amp;+*-=.]+\" title=\"Nom\u00e9s s&#039;accepten n\u00fameros i car\u00e0cters telef\u00f2nics (#, -, *, etc.).\">\n\n\t\t\t\t\t\t<\/div>\n\t\t\t\t\t\t\t\t<div class=\"elementor-field-type-textarea elementor-field-group elementor-column elementor-field-group-message elementor-col-100\">\n\t\t\t\t\t\t\t\t\t\t\t\t<label for=\"form-field-message\" class=\"elementor-field-label elementor-screen-only\">\n\t\t\t\t\t\t\t\tMissatge\t\t\t\t\t\t\t<\/label>\n\t\t\t\t\t\t<textarea class=\"elementor-field-textual elementor-field  elementor-size-sm\" name=\"form_fields[message]\" id=\"form-field-message\" rows=\"4\" placeholder=\"Missatge\"><\/textarea>\t\t\t\t<\/div>\n\t\t\t\t\t\t\t\t<div class=\"elementor-field-type-acceptance elementor-field-group elementor-column elementor-field-group-field_8de58ce elementor-col-100\">\n\t\t\t\t\t\t\t<div class=\"elementor-field-subgroup\">\n\t\t\t<span class=\"elementor-field-option\">\n\t\t\t\t<input type=\"checkbox\" name=\"form_fields[field_8de58ce]\" id=\"form-field-field_8de58ce\" class=\"elementor-field elementor-size-sm  elementor-acceptance-field\">\n\t\t\t\t<label for=\"form-field-field_8de58ce\">He llegit i accepto l&#039;av\u00eds legal i la pol\u00edtica de privadesa, i consenteixo el tractament de les meves dades per al tr\u00e0mit de la sol\u00b7licitud realitzada.<\/label>\t\t\t<\/span>\n\t\t<\/div>\n\t\t\t\t\t\t<\/div>\n\t\t\t\t\t\t\t\t<div class=\"elementor-field-type-recaptcha_v3 elementor-field-group elementor-column elementor-field-group-field_4c71db7 elementor-col-100 recaptcha_v3-bottomright\">\n\t\t\t\t\t<div class=\"elementor-field\" id=\"form-field-field_4c71db7\"><div class=\"elementor-g-recaptcha\" data-sitekey=\"6LeFOg8sAAAAABfVKjMMoLjX724lD_xButfb_1Hq\" data-type=\"v3\" data-action=\"Form\" data-badge=\"bottomright\" data-size=\"invisible\"><\/div><\/div>\t\t\t\t<\/div>\n\t\t\t\t\t\t\t\t<div class=\"elementor-field-group elementor-column elementor-field-type-submit elementor-col-100 e-form__buttons\">\n\t\t\t\t\t<button class=\"elementor-button elementor-size-sm\" type=\"submit\">\n\t\t\t\t\t\t<span class=\"elementor-button-content-wrapper\">\n\t\t\t\t\t\t\t\t\t\t\t\t\t\t\t\t\t\t\t\t\t\t<span class=\"elementor-button-text\">Enviar missatge<\/span>\n\t\t\t\t\t\t\t\t\t\t\t\t\t<\/span>\n\t\t\t\t\t<\/button>\n\t\t\t\t<\/div>\n\t\t\t<\/div>\n\t\t<input type=\"hidden\" name=\"trp-form-language\" value=\"ca\"\/><\/form>\n\t\t\t\t\t\t<\/div>\n\t\t\t\t<\/div>\n\t\t\t\t\t<\/div>\n\t\t\t\t<\/div>\n\t\t<div class=\"elementor-element elementor-element-56018b7 e-flex e-con-boxed e-con e-parent\" data-id=\"56018b7\" data-element_type=\"container\">\n\t\t\t\t\t<div class=\"e-con-inner\">\n\t\t\t\t<div class=\"elementor-element elementor-element-29ced4a elementor-widget elementor-widget-google_maps\" data-id=\"29ced4a\" data-element_type=\"widget\" data-widget_type=\"google_maps.default\">\n\t\t\t\t\t\t\t<div class=\"elementor-custom-embed\">\n\t\t\t<iframe loading=\"lazy\"\n\t\t\t\t\tsrc=\"https:\/\/maps.google.com\/maps?q=Carrer%20de%20Cuba%2C%2088%20%E2%80%94%2008302%20Matar%C3%B3%2C%20Barcelona&#038;t=m&#038;z=15&#038;output=embed&#038;iwloc=near\"\n\t\t\t\t\ttitle=\"Carrer de Cuba, 88 \u2014 08302 Matar\u00f3, Barcelona\"\n\t\t\t\t\taria-label=\"Carrer de Cuba, 88 \u2014 08302 Matar\u00f3, Barcelona\"\n\t\t\t><\/iframe>\n\t\t<\/div>\n\t\t\t\t\t\t<\/div>\n\t\t\t\t\t<\/div>\n\t\t\t\t<\/div>\n\t\t\t\t<\/div>","protected":false},"excerpt":{"rendered":"<p>Cont\u00e1ctanos Ponte en contacto con nosotros En Conesa Espai de Salut queremos pon\u00e9rtelo f\u00e1cil para que empieces a cuidarte como te mereces. Si tienes cualquier duda o quieres m\u00e1s informaci\u00f3n sobre nuestros servicios de fisioterapia, nutrici\u00f3n o entrenamiento, puedes contactar con nosotros por cualquiera de las siguientes v\u00edas: info@conesaespaisalut.com +34 614 044 173 Carrer de [&hellip;]<\/p>","protected":false},"author":2,"featured_media":0,"parent":0,"menu_order":0,"comment_status":"closed","ping_status":"closed","template":"","meta":{"footnotes":""},"class_list":["post-222","page","type-page","status-publish","hentry"],"yoast_head":"<!-- This site is optimized with the Yoast SEO plugin v26.4 - https:\/\/yoast.com\/wordpress\/plugins\/seo\/ -->\n<title>Contacto - conesaespaisalut.com<\/title>\n<meta name=\"robots\" content=\"index, follow, max-snippet:-1, max-image-preview:large, max-video-preview:-1\" \/>\n<link rel=\"canonical\" href=\"https:\/\/conesaespaisalut.com\/ca\/contacto\/\" \/>\n<meta property=\"og:locale\" content=\"ca_ES\" \/>\n<meta property=\"og:type\" content=\"article\" \/>\n<meta property=\"og:title\" content=\"Contacto - conesaespaisalut.com\" \/>\n<meta property=\"og:description\" content=\"Cont\u00e1ctanos Ponte en contacto con nosotros En Conesa Espai de Salut queremos pon\u00e9rtelo f\u00e1cil para que empieces a cuidarte como te mereces. Si tienes cualquier duda o quieres m\u00e1s informaci\u00f3n sobre nuestros servicios de fisioterapia, nutrici\u00f3n o entrenamiento, puedes contactar con nosotros por cualquiera de las siguientes v\u00edas: info@conesaespaisalut.com +34 614 044 173 Carrer de [&hellip;]\" \/>\n<meta property=\"og:url\" content=\"https:\/\/conesaespaisalut.com\/ca\/contacto\/\" \/>\n<meta property=\"og:site_name\" content=\"conesaespaisalut.com\" \/>\n<meta property=\"article:modified_time\" content=\"2025-11-26T15:49:42+00:00\" \/>\n<meta name=\"twitter:card\" content=\"summary_large_image\" \/>\n<script type=\"application\/ld+json\" class=\"yoast-schema-graph\">{\"@context\":\"https:\/\/schema.org\",\"@graph\":[{\"@type\":\"WebPage\",\"@id\":\"https:\/\/conesaespaisalut.com\/contacto\/\",\"url\":\"https:\/\/conesaespaisalut.com\/contacto\/\",\"name\":\"Contacto - conesaespaisalut.com\",\"isPartOf\":{\"@id\":\"https:\/\/conesaespaisalut.com\/#website\"},\"datePublished\":\"2025-11-15T11:37:49+00:00\",\"dateModified\":\"2025-11-26T15:49:42+00:00\",\"breadcrumb\":{\"@id\":\"https:\/\/conesaespaisalut.com\/contacto\/#breadcrumb\"},\"inLanguage\":\"ca\",\"potentialAction\":[{\"@type\":\"ReadAction\",\"target\":[\"https:\/\/conesaespaisalut.com\/contacto\/\"]}]},{\"@type\":\"BreadcrumbList\",\"@id\":\"https:\/\/conesaespaisalut.com\/contacto\/#breadcrumb\",\"itemListElement\":[{\"@type\":\"ListItem\",\"position\":1,\"name\":\"Home\",\"item\":\"https:\/\/conesaespaisalut.com\/\"},{\"@type\":\"ListItem\",\"position\":2,\"name\":\"Contacto\"}]},{\"@type\":\"WebSite\",\"@id\":\"https:\/\/conesaespaisalut.com\/#website\",\"url\":\"https:\/\/conesaespaisalut.com\/\",\"name\":\"conesaespaisalut.com\",\"description\":\"\",\"publisher\":{\"@id\":\"https:\/\/conesaespaisalut.com\/#organization\"},\"potentialAction\":[{\"@type\":\"SearchAction\",\"target\":{\"@type\":\"EntryPoint\",\"urlTemplate\":\"https:\/\/conesaespaisalut.com\/?s={search_term_string}\"},\"query-input\":{\"@type\":\"PropertyValueSpecification\",\"valueRequired\":true,\"valueName\":\"search_term_string\"}}],\"inLanguage\":\"ca\"},{\"@type\":\"Organization\",\"@id\":\"https:\/\/conesaespaisalut.com\/#organization\",\"name\":\"conesaespaisalut.com\",\"url\":\"https:\/\/conesaespaisalut.com\/\",\"logo\":{\"@type\":\"ImageObject\",\"inLanguage\":\"ca\",\"@id\":\"https:\/\/conesaespaisalut.com\/#\/schema\/logo\/image\/\",\"url\":\"https:\/\/conesaespaisalut.com\/wp-content\/uploads\/2025\/11\/grayscale_transparent_nobuffer.png\",\"contentUrl\":\"https:\/\/conesaespaisalut.com\/wp-content\/uploads\/2025\/11\/grayscale_transparent_nobuffer.png\",\"width\":1280,\"height\":609,\"caption\":\"conesaespaisalut.com\"},\"image\":{\"@id\":\"https:\/\/conesaespaisalut.com\/#\/schema\/logo\/image\/\"}}]}<\/script>\n<!-- \/ Yoast SEO plugin. -->","yoast_head_json":{"title":"Contacto - conesaespaisalut.com","robots":{"index":"index","follow":"follow","max-snippet":"max-snippet:-1","max-image-preview":"max-image-preview:large","max-video-preview":"max-video-preview:-1"},"canonical":"https:\/\/conesaespaisalut.com\/ca\/contacto\/","og_locale":"ca_ES","og_type":"article","og_title":"Contacto - conesaespaisalut.com","og_description":"Cont\u00e1ctanos Ponte en contacto con nosotros En Conesa Espai de Salut queremos pon\u00e9rtelo f\u00e1cil para que empieces a cuidarte como te mereces. Si tienes cualquier duda o quieres m\u00e1s informaci\u00f3n sobre nuestros servicios de fisioterapia, nutrici\u00f3n o entrenamiento, puedes contactar con nosotros por cualquiera de las siguientes v\u00edas: info@conesaespaisalut.com +34 614 044 173 Carrer de [&hellip;]","og_url":"https:\/\/conesaespaisalut.com\/ca\/contacto\/","og_site_name":"conesaespaisalut.com","article_modified_time":"2025-11-26T15:49:42+00:00","twitter_card":"summary_large_image","schema":{"@context":"https:\/\/schema.org","@graph":[{"@type":"WebPage","@id":"https:\/\/conesaespaisalut.com\/contacto\/","url":"https:\/\/conesaespaisalut.com\/contacto\/","name":"Contacto - conesaespaisalut.com","isPartOf":{"@id":"https:\/\/conesaespaisalut.com\/#website"},"datePublished":"2025-11-15T11:37:49+00:00","dateModified":"2025-11-26T15:49:42+00:00","breadcrumb":{"@id":"https:\/\/conesaespaisalut.com\/contacto\/#breadcrumb"},"inLanguage":"ca","potentialAction":[{"@type":"ReadAction","target":["https:\/\/conesaespaisalut.com\/contacto\/"]}]},{"@type":"BreadcrumbList","@id":"https:\/\/conesaespaisalut.com\/contacto\/#breadcrumb","itemListElement":[{"@type":"ListItem","position":1,"name":"Home","item":"https:\/\/conesaespaisalut.com\/"},{"@type":"ListItem","position":2,"name":"Contacto"}]},{"@type":"WebSite","@id":"https:\/\/conesaespaisalut.com\/#website","url":"https:\/\/conesaespaisalut.com\/","name":"conesaespaisalut.com","description":"","publisher":{"@id":"https:\/\/conesaespaisalut.com\/#organization"},"potentialAction":[{"@type":"SearchAction","target":{"@type":"EntryPoint","urlTemplate":"https:\/\/conesaespaisalut.com\/?s={search_term_string}"},"query-input":{"@type":"PropertyValueSpecification","valueRequired":true,"valueName":"search_term_string"}}],"inLanguage":"ca"},{"@type":"Organization","@id":"https:\/\/conesaespaisalut.com\/#organization","name":"conesaespaisalut.com","url":"https:\/\/conesaespaisalut.com\/","logo":{"@type":"ImageObject","inLanguage":"ca","@id":"https:\/\/conesaespaisalut.com\/#\/schema\/logo\/image\/","url":"https:\/\/conesaespaisalut.com\/wp-content\/uploads\/2025\/11\/grayscale_transparent_nobuffer.png","contentUrl":"https:\/\/conesaespaisalut.com\/wp-content\/uploads\/2025\/11\/grayscale_transparent_nobuffer.png","width":1280,"height":609,"caption":"conesaespaisalut.com"},"image":{"@id":"https:\/\/conesaespaisalut.com\/#\/schema\/logo\/image\/"}}]}},"_links":{"self":[{"href":"https:\/\/conesaespaisalut.com\/ca\/wp-json\/wp\/v2\/pages\/222","targetHints":{"allow":["GET"]}}],"collection":[{"href":"https:\/\/conesaespaisalut.com\/ca\/wp-json\/wp\/v2\/pages"}],"about":[{"href":"https:\/\/conesaespaisalut.com\/ca\/wp-json\/wp\/v2\/types\/page"}],"author":[{"embeddable":true,"href":"https:\/\/conesaespaisalut.com\/ca\/wp-json\/wp\/v2\/users\/2"}],"replies":[{"embeddable":true,"href":"https:\/\/conesaespaisalut.com\/ca\/wp-json\/wp\/v2\/comments?post=222"}],"version-history":[{"count":22,"href":"https:\/\/conesaespaisalut.com\/ca\/wp-json\/wp\/v2\/pages\/222\/revisions"}],"predecessor-version":[{"id":556,"href":"https:\/\/conesaespaisalut.com\/ca\/wp-json\/wp\/v2\/pages\/222\/revisions\/556"}],"wp:attachment":[{"href":"https:\/\/conesaespaisalut.com\/ca\/wp-json\/wp\/v2\/media?parent=222"}],"curies":[{"name":"wp","href":"https:\/\/api.w.org\/{rel}","templated":true}]}}