{"id":224,"date":"2025-11-15T11:39:24","date_gmt":"2025-11-15T11:39:24","guid":{"rendered":"https:\/\/conesaespaisalut.com\/?page_id=224"},"modified":"2025-12-16T15:57:45","modified_gmt":"2025-12-16T15:57:45","slug":"servicios","status":"publish","type":"page","link":"https:\/\/conesaespaisalut.com\/ca\/servicios\/","title":{"rendered":"Serveis"},"content":{"rendered":"<div data-elementor-type=\"wp-page\" data-elementor-id=\"224\" class=\"elementor elementor-224\" data-elementor-post-type=\"page\">\n\t\t\t\t<div class=\"elementor-element elementor-element-605d960 e-flex e-con-boxed e-con e-parent\" data-id=\"605d960\" data-element_type=\"container\" data-settings=\"{&quot;background_background&quot;:&quot;classic&quot;}\">\n\t\t\t\t\t<div class=\"e-con-inner\">\n\t\t\t\t\t<\/div>\n\t\t\t\t<\/div>\n\t\t<div class=\"elementor-element elementor-element-8475087 e-flex e-con-boxed e-con e-parent\" data-id=\"8475087\" data-element_type=\"container\">\n\t\t\t\t\t<div class=\"e-con-inner\">\n\t\t<div class=\"elementor-element elementor-element-f514b1d e-con-full e-flex e-con e-child\" data-id=\"f514b1d\" data-element_type=\"container\">\n\t\t<div class=\"elementor-element elementor-element-5e203f5 e-con-full e-flex e-con e-child\" data-id=\"5e203f5\" data-element_type=\"container\" data-settings=\"{&quot;background_background&quot;:&quot;classic&quot;}\">\n\t\t<div class=\"elementor-element elementor-element-2df8a50 e-con-full e-flex e-con e-child\" data-id=\"2df8a50\" data-element_type=\"container\" data-settings=\"{&quot;background_background&quot;:&quot;classic&quot;}\">\n\t\t\t\t<div class=\"elementor-element elementor-element-c899517 elementor-widget elementor-widget-spacer\" data-id=\"c899517\" data-element_type=\"widget\" data-widget_type=\"spacer.default\">\n\t\t\t\t\t\t\t<div class=\"elementor-spacer\">\n\t\t\t<div class=\"elementor-spacer-inner\"><\/div>\n\t\t<\/div>\n\t\t\t\t\t\t<\/div>\n\t\t\t\t<\/div>\n\t\t<div class=\"elementor-element elementor-element-d48c9e6 e-con-full e-flex e-con e-child\" data-id=\"d48c9e6\" data-element_type=\"container\">\n\t\t\t\t<div class=\"elementor-element elementor-element-1473f21 elementor-widget elementor-widget-icon-box\" data-id=\"1473f21\" data-element_type=\"widget\" data-widget_type=\"icon-box.default\">\n\t\t\t\t\t\t\t<div class=\"elementor-icon-box-wrapper\">\n\n\t\t\t\n\t\t\t\t\t\t<div class=\"elementor-icon-box-content\">\n\n\t\t\t\t\t\t\t\t\t<h5 class=\"elementor-icon-box-title\">\n\t\t\t\t\t\t<span  >\n\t\t\t\t\t\t\tFisioter\u00e0pia\t\t\t\t\t\t<\/span>\n\t\t\t\t\t<\/h5>\n\t\t\t\t\n\t\t\t\t\t\t\t\t\t<p class=\"elementor-icon-box-description\">\n\t\t\t\t\t\tT&#039;ajudem a recuperar, prevenir i optimitzar el teu estat f\u00edsic amb un enfocament global i individualitzat.\t\t\t\t\t<\/p>\n\t\t\t\t\n\t\t\t<\/div>\n\t\t\t\n\t\t<\/div>\n\t\t\t\t\t\t<\/div>\n\t\t\t\t<div class=\"elementor-element elementor-element-04995b8 elementor-widget elementor-widget-button\" data-id=\"04995b8\" data-element_type=\"widget\" data-widget_type=\"button.default\">\n\t\t\t\t\t\t\t\t\t\t<a class=\"elementor-button elementor-button-link elementor-size-sm\" href=\"https:\/\/conesaespaisalut.com\/ca\/fisioterapia\/\">\n\t\t\t\t\t\t<span class=\"elementor-button-content-wrapper\">\n\t\t\t\t\t\t<span class=\"elementor-button-icon\">\n\t\t\t\t<svg aria-hidden=\"true\" class=\"e-font-icon-svg e-fas-arrow-circle-right\" viewbox=\"0 0 512 512\" xmlns=\"http:\/\/www.w3.org\/2000\/svg\"><path d=\"M256 8c137 0 248 111 248 248S393 504 256 504 8 393 8 256 119 8 256 8zm-28.9 143.6l75.5 72.4H120c-13.3 0-24 10.7-24 24v16c0 13.3 10.7 24 24 24h182.6l-75.5 72.4c-9.7 9.3-9.9 24.8-.4 34.3l11 10.9c9.4 9.4 24.6 9.4 33.9 0L404.3 273c9.4-9.4 9.4-24.6 0-33.9L271.6 106.3c-9.4-9.4-24.6-9.4-33.9 0l-11 10.9c-9.5 9.6-9.3 25.1.4 34.4z\"><\/path><\/svg>\t\t\t<\/span>\n\t\t\t\t\t\t\t\t\t<span class=\"elementor-button-text\">Llegir m\u00e9s<\/span>\n\t\t\t\t\t<\/span>\n\t\t\t\t\t<\/a>\n\t\t\t\t\t\t\t\t<\/div>\n\t\t\t\t<\/div>\n\t\t\t\t<\/div>\n\t\t<div class=\"elementor-element elementor-element-8d1b553 e-con-full e-flex e-con e-child\" data-id=\"8d1b553\" data-element_type=\"container\" data-settings=\"{&quot;background_background&quot;:&quot;classic&quot;}\">\n\t\t<div class=\"elementor-element elementor-element-706797f e-con-full e-flex e-con e-child\" data-id=\"706797f\" data-element_type=\"container\" data-settings=\"{&quot;background_background&quot;:&quot;classic&quot;}\">\n\t\t\t\t<div class=\"elementor-element elementor-element-400efd7 elementor-widget elementor-widget-spacer\" data-id=\"400efd7\" data-element_type=\"widget\" data-widget_type=\"spacer.default\">\n\t\t\t\t\t\t\t<div class=\"elementor-spacer\">\n\t\t\t<div class=\"elementor-spacer-inner\"><\/div>\n\t\t<\/div>\n\t\t\t\t\t\t<\/div>\n\t\t\t\t<\/div>\n\t\t<div class=\"elementor-element elementor-element-5ab1dad e-con-full e-flex e-con e-child\" data-id=\"5ab1dad\" data-element_type=\"container\">\n\t\t\t\t<div class=\"elementor-element elementor-element-bd1f414 elementor-widget elementor-widget-icon-box\" data-id=\"bd1f414\" data-element_type=\"widget\" data-widget_type=\"icon-box.default\">\n\t\t\t\t\t\t\t<div class=\"elementor-icon-box-wrapper\">\n\n\t\t\t\n\t\t\t\t\t\t<div class=\"elementor-icon-box-content\">\n\n\t\t\t\t\t\t\t\t\t<h5 class=\"elementor-icon-box-title\">\n\t\t\t\t\t\t<span  >\n\t\t\t\t\t\t\tNutrici\u00f3\t\t\t\t\t\t<\/span>\n\t\t\t\t\t<\/h5>\n\t\t\t\t\n\t\t\t\t\t\t\t\t\t<p class=\"elementor-icon-box-description\">\n\t\t\t\t\t\tTreballem la nutrici\u00f3 des d&#039;un enfocament educatiu, personalitzat i basat en l&#039;evid\u00e8ncia cient\u00edfica i l&#039;experi\u00e8ncia.\t\t\t\t\t<\/p>\n\t\t\t\t\n\t\t\t<\/div>\n\t\t\t\n\t\t<\/div>\n\t\t\t\t\t\t<\/div>\n\t\t\t\t<div class=\"elementor-element elementor-element-72f35b2 elementor-widget elementor-widget-button\" data-id=\"72f35b2\" data-element_type=\"widget\" data-widget_type=\"button.default\">\n\t\t\t\t\t\t\t\t\t\t<a class=\"elementor-button elementor-button-link elementor-size-sm\" href=\"https:\/\/conesaespaisalut.com\/ca\/nutricion\/\">\n\t\t\t\t\t\t<span class=\"elementor-button-content-wrapper\">\n\t\t\t\t\t\t<span class=\"elementor-button-icon\">\n\t\t\t\t<svg aria-hidden=\"true\" class=\"e-font-icon-svg e-fas-arrow-circle-right\" viewbox=\"0 0 512 512\" xmlns=\"http:\/\/www.w3.org\/2000\/svg\"><path d=\"M256 8c137 0 248 111 248 248S393 504 256 504 8 393 8 256 119 8 256 8zm-28.9 143.6l75.5 72.4H120c-13.3 0-24 10.7-24 24v16c0 13.3 10.7 24 24 24h182.6l-75.5 72.4c-9.7 9.3-9.9 24.8-.4 34.3l11 10.9c9.4 9.4 24.6 9.4 33.9 0L404.3 273c9.4-9.4 9.4-24.6 0-33.9L271.6 106.3c-9.4-9.4-24.6-9.4-33.9 0l-11 10.9c-9.5 9.6-9.3 25.1.4 34.4z\"><\/path><\/svg>\t\t\t<\/span>\n\t\t\t\t\t\t\t\t\t<span class=\"elementor-button-text\">Llegir m\u00e9s<\/span>\n\t\t\t\t\t<\/span>\n\t\t\t\t\t<\/a>\n\t\t\t\t\t\t\t\t<\/div>\n\t\t\t\t<\/div>\n\t\t\t\t<\/div>\n\t\t<div class=\"elementor-element elementor-element-2565add e-con-full e-flex e-con e-child\" data-id=\"2565add\" data-element_type=\"container\" data-settings=\"{&quot;background_background&quot;:&quot;classic&quot;}\">\n\t\t<div class=\"elementor-element elementor-element-2ee784f e-con-full e-flex e-con e-child\" data-id=\"2ee784f\" data-element_type=\"container\" data-settings=\"{&quot;background_background&quot;:&quot;classic&quot;}\">\n\t\t\t\t<div class=\"elementor-element elementor-element-53582eb elementor-widget elementor-widget-spacer\" data-id=\"53582eb\" data-element_type=\"widget\" data-widget_type=\"spacer.default\">\n\t\t\t\t\t\t\t<div class=\"elementor-spacer\">\n\t\t\t<div class=\"elementor-spacer-inner\"><\/div>\n\t\t<\/div>\n\t\t\t\t\t\t<\/div>\n\t\t\t\t<\/div>\n\t\t<div class=\"elementor-element elementor-element-121528d e-con-full e-flex e-con e-child\" data-id=\"121528d\" data-element_type=\"container\">\n\t\t\t\t<div class=\"elementor-element elementor-element-31d34ee elementor-widget elementor-widget-icon-box\" data-id=\"31d34ee\" data-element_type=\"widget\" data-widget_type=\"icon-box.default\">\n\t\t\t\t\t\t\t<div class=\"elementor-icon-box-wrapper\">\n\n\t\t\t\n\t\t\t\t\t\t<div class=\"elementor-icon-box-content\">\n\n\t\t\t\t\t\t\t\t\t<h5 class=\"elementor-icon-box-title\">\n\t\t\t\t\t\t<span  >\n\t\t\t\t\t\t\tS\u00f2l P\u00e8lvic\t\t\t\t\t\t<\/span>\n\t\t\t\t\t<\/h5>\n\t\t\t\t\n\t\t\t\t\t\t\t\t\t<p class=\"elementor-icon-box-description\">\n\t\t\t\t\t\tTreballem la recuperaci\u00f3 i l&#039;enfortiment del s\u00f2l pelvi\u00e0 mitjan\u00e7ant ter\u00e0pia personalitzada, ajudant-te a millorar el teu benestar, la teva mobilitat i la teva qualitat de vida.\t\t\t\t\t<\/p>\n\t\t\t\t\n\t\t\t<\/div>\n\t\t\t\n\t\t<\/div>\n\t\t\t\t\t\t<\/div>\n\t\t\t\t<div class=\"elementor-element elementor-element-3cfebe3 elementor-widget elementor-widget-button\" data-id=\"3cfebe3\" data-element_type=\"widget\" data-widget_type=\"button.default\">\n\t\t\t\t\t\t\t\t\t\t<a class=\"elementor-button elementor-button-link elementor-size-sm\" href=\"https:\/\/conesaespaisalut.com\/ca\/terapias-en-grupo\/\">\n\t\t\t\t\t\t<span class=\"elementor-button-content-wrapper\">\n\t\t\t\t\t\t<span class=\"elementor-button-icon\">\n\t\t\t\t<svg aria-hidden=\"true\" class=\"e-font-icon-svg e-fas-arrow-circle-right\" viewbox=\"0 0 512 512\" xmlns=\"http:\/\/www.w3.org\/2000\/svg\"><path d=\"M256 8c137 0 248 111 248 248S393 504 256 504 8 393 8 256 119 8 256 8zm-28.9 143.6l75.5 72.4H120c-13.3 0-24 10.7-24 24v16c0 13.3 10.7 24 24 24h182.6l-75.5 72.4c-9.7 9.3-9.9 24.8-.4 34.3l11 10.9c9.4 9.4 24.6 9.4 33.9 0L404.3 273c9.4-9.4 9.4-24.6 0-33.9L271.6 106.3c-9.4-9.4-24.6-9.4-33.9 0l-11 10.9c-9.5 9.6-9.3 25.1.4 34.4z\"><\/path><\/svg>\t\t\t<\/span>\n\t\t\t\t\t\t\t\t\t<span class=\"elementor-button-text\">Llegir m\u00e9s<\/span>\n\t\t\t\t\t<\/span>\n\t\t\t\t\t<\/a>\n\t\t\t\t\t\t\t\t<\/div>\n\t\t\t\t<\/div>\n\t\t\t\t<\/div>\n\t\t\t\t<\/div>\n\t\t\t\t\t<\/div>\n\t\t\t\t<\/div>\n\t\t<div class=\"elementor-element elementor-element-354e203 e-flex e-con-boxed e-con e-parent\" data-id=\"354e203\" data-element_type=\"container\">\n\t\t\t\t\t<div class=\"e-con-inner\">\n\t\t<div class=\"elementor-element elementor-element-d0272ec e-con-full e-flex e-con e-child\" data-id=\"d0272ec\" data-element_type=\"container\">\n\t\t<div class=\"elementor-element elementor-element-5ce3037 e-con-full e-flex e-con e-child\" data-id=\"5ce3037\" data-element_type=\"container\" data-settings=\"{&quot;background_background&quot;:&quot;classic&quot;}\">\n\t\t<div class=\"elementor-element elementor-element-eee712c e-con-full e-flex e-con e-child\" data-id=\"eee712c\" data-element_type=\"container\" data-settings=\"{&quot;background_background&quot;:&quot;classic&quot;}\">\n\t\t\t\t<div class=\"elementor-element elementor-element-0741cf6 elementor-widget elementor-widget-spacer\" data-id=\"0741cf6\" data-element_type=\"widget\" data-widget_type=\"spacer.default\">\n\t\t\t\t\t\t\t<div class=\"elementor-spacer\">\n\t\t\t<div class=\"elementor-spacer-inner\"><\/div>\n\t\t<\/div>\n\t\t\t\t\t\t<\/div>\n\t\t\t\t<\/div>\n\t\t<div class=\"elementor-element elementor-element-5d1df16 e-con-full e-flex e-con e-child\" data-id=\"5d1df16\" data-element_type=\"container\">\n\t\t\t\t<div class=\"elementor-element elementor-element-7f44bc4 elementor-widget elementor-widget-icon-box\" data-id=\"7f44bc4\" data-element_type=\"widget\" data-widget_type=\"icon-box.default\">\n\t\t\t\t\t\t\t<div class=\"elementor-icon-box-wrapper\">\n\n\t\t\t\n\t\t\t\t\t\t<div class=\"elementor-icon-box-content\">\n\n\t\t\t\t\t\t\t\t\t<h5 class=\"elementor-icon-box-title\">\n\t\t\t\t\t\t<span  >\n\t\t\t\t\t\t\tEntrenament Personal \t\t\t\t\t\t<\/span>\n\t\t\t\t\t<\/h5>\n\t\t\t\t\n\t\t\t\t\t\t\t\t\t<p class=\"elementor-icon-box-description\">\n\t\t\t\t\t\tEntrenament personal pensat per a persones que volen millorar la condici\u00f3 f\u00edsica, prevenir lesions o recuperar-se d&#039;una mol\u00e8stia.\t\t\t\t\t<\/p>\n\t\t\t\t\n\t\t\t<\/div>\n\t\t\t\n\t\t<\/div>\n\t\t\t\t\t\t<\/div>\n\t\t\t\t<div class=\"elementor-element elementor-element-5b21f8f elementor-widget elementor-widget-button\" data-id=\"5b21f8f\" data-element_type=\"widget\" data-widget_type=\"button.default\">\n\t\t\t\t\t\t\t\t\t\t<a class=\"elementor-button elementor-button-link elementor-size-sm\" href=\"https:\/\/conesaespaisalut.com\/ca\/entrenamiento-personal\/\">\n\t\t\t\t\t\t<span class=\"elementor-button-content-wrapper\">\n\t\t\t\t\t\t<span class=\"elementor-button-icon\">\n\t\t\t\t<svg aria-hidden=\"true\" class=\"e-font-icon-svg e-fas-arrow-circle-right\" viewbox=\"0 0 512 512\" xmlns=\"http:\/\/www.w3.org\/2000\/svg\"><path d=\"M256 8c137 0 248 111 248 248S393 504 256 504 8 393 8 256 119 8 256 8zm-28.9 143.6l75.5 72.4H120c-13.3 0-24 10.7-24 24v16c0 13.3 10.7 24 24 24h182.6l-75.5 72.4c-9.7 9.3-9.9 24.8-.4 34.3l11 10.9c9.4 9.4 24.6 9.4 33.9 0L404.3 273c9.4-9.4 9.4-24.6 0-33.9L271.6 106.3c-9.4-9.4-24.6-9.4-33.9 0l-11 10.9c-9.5 9.6-9.3 25.1.4 34.4z\"><\/path><\/svg>\t\t\t<\/span>\n\t\t\t\t\t\t\t\t\t<span class=\"elementor-button-text\">Llegir m\u00e9s<\/span>\n\t\t\t\t\t<\/span>\n\t\t\t\t\t<\/a>\n\t\t\t\t\t\t\t\t<\/div>\n\t\t\t\t<\/div>\n\t\t\t\t<\/div>\n\t\t<div class=\"elementor-element elementor-element-b85ac53 e-con-full elementor-hidden-mobile e-flex e-con e-child\" data-id=\"b85ac53\" data-element_type=\"container\" data-settings=\"{&quot;background_background&quot;:&quot;slideshow&quot;,&quot;background_slideshow_gallery&quot;:[{&quot;id&quot;:399,&quot;url&quot;:&quot;https:\\\/\\\/conesaespaisalut.com\\\/wp-content\\\/uploads\\\/2025\\\/11\\\/IMG_2832-copia-scaled.jpeg&quot;},{&quot;id&quot;:498,&quot;url&quot;:&quot;https:\\\/\\\/conesaespaisalut.com\\\/wp-content\\\/uploads\\\/2025\\\/11\\\/IMG_2905-copia-scaled.jpeg&quot;},{&quot;id&quot;:418,&quot;url&quot;:&quot;https:\\\/\\\/conesaespaisalut.com\\\/wp-content\\\/uploads\\\/2025\\\/11\\\/PHOTO-2025-11-24-12-08-34-3-copia.jpg&quot;},{&quot;id&quot;:386,&quot;url&quot;:&quot;https:\\\/\\\/conesaespaisalut.com\\\/wp-content\\\/uploads\\\/2025\\\/11\\\/IMG_2995-copia-scaled.jpg&quot;}],&quot;background_slideshow_loop&quot;:&quot;yes&quot;,&quot;background_slideshow_slide_duration&quot;:5000,&quot;background_slideshow_slide_transition&quot;:&quot;fade&quot;,&quot;background_slideshow_transition_duration&quot;:500}\">\n\t\t\t\t<\/div>\n\t\t\t\t<\/div>\n\t\t\t\t\t<\/div>\n\t\t\t\t<\/div>\n\t\t\t\t<\/div>","protected":false},"excerpt":{"rendered":"<p>Fisioterapia Te ayudamos a recuperar, prevenir y optimizar tu estado f\u00edsico con un enfoque global e individualizado. Leer m\u00e1s Nutrici\u00f3n Trabajamos la nutrici\u00f3n desde un enfoque educativo, personalizado y basado en la evidencia cient\u00edfica y experiencia. Leer m\u00e1s Suelo P\u00e9lvico Trabajamos la recuperaci\u00f3n y el fortalecimiento del suelo p\u00e9lvico mediante terapia personalizada, ayud\u00e1ndote a mejorar [&hellip;]<\/p>","protected":false},"author":2,"featured_media":0,"parent":0,"menu_order":0,"comment_status":"closed","ping_status":"closed","template":"","meta":{"footnotes":""},"class_list":["post-224","page","type-page","status-publish","hentry"],"yoast_head":"<!-- This site is optimized with the Yoast SEO plugin v26.4 - https:\/\/yoast.com\/wordpress\/plugins\/seo\/ -->\n<title>Servicios - conesaespaisalut.com<\/title>\n<meta name=\"robots\" content=\"index, follow, max-snippet:-1, max-image-preview:large, max-video-preview:-1\" \/>\n<link rel=\"canonical\" href=\"https:\/\/conesaespaisalut.com\/ca\/servicios\/\" \/>\n<meta property=\"og:locale\" content=\"ca_ES\" \/>\n<meta property=\"og:type\" content=\"article\" \/>\n<meta property=\"og:title\" content=\"Servicios - conesaespaisalut.com\" \/>\n<meta property=\"og:description\" content=\"Fisioterapia Te ayudamos a recuperar, prevenir y optimizar tu estado f\u00edsico con un enfoque global e individualizado. Leer m\u00e1s Nutrici\u00f3n Trabajamos la nutrici\u00f3n desde un enfoque educativo, personalizado y basado en la evidencia cient\u00edfica y experiencia. Leer m\u00e1s Suelo P\u00e9lvico Trabajamos la recuperaci\u00f3n y el fortalecimiento del suelo p\u00e9lvico mediante terapia personalizada, ayud\u00e1ndote a mejorar [&hellip;]\" \/>\n<meta property=\"og:url\" content=\"https:\/\/conesaespaisalut.com\/ca\/servicios\/\" \/>\n<meta property=\"og:site_name\" content=\"conesaespaisalut.com\" \/>\n<meta property=\"article:modified_time\" content=\"2025-12-16T15:57:45+00:00\" \/>\n<meta name=\"twitter:card\" content=\"summary_large_image\" \/>\n<meta name=\"twitter:label1\" content=\"Temps estimat de lectura\" \/>\n\t<meta name=\"twitter:data1\" content=\"1 minut\" \/>\n<script type=\"application\/ld+json\" class=\"yoast-schema-graph\">{\"@context\":\"https:\/\/schema.org\",\"@graph\":[{\"@type\":\"WebPage\",\"@id\":\"https:\/\/conesaespaisalut.com\/servicios\/\",\"url\":\"https:\/\/conesaespaisalut.com\/servicios\/\",\"name\":\"Servicios - conesaespaisalut.com\",\"isPartOf\":{\"@id\":\"https:\/\/conesaespaisalut.com\/#website\"},\"datePublished\":\"2025-11-15T11:39:24+00:00\",\"dateModified\":\"2025-12-16T15:57:45+00:00\",\"breadcrumb\":{\"@id\":\"https:\/\/conesaespaisalut.com\/servicios\/#breadcrumb\"},\"inLanguage\":\"ca\",\"potentialAction\":[{\"@type\":\"ReadAction\",\"target\":[\"https:\/\/conesaespaisalut.com\/servicios\/\"]}]},{\"@type\":\"BreadcrumbList\",\"@id\":\"https:\/\/conesaespaisalut.com\/servicios\/#breadcrumb\",\"itemListElement\":[{\"@type\":\"ListItem\",\"position\":1,\"name\":\"Home\",\"item\":\"https:\/\/conesaespaisalut.com\/\"},{\"@type\":\"ListItem\",\"position\":2,\"name\":\"Servicios\"}]},{\"@type\":\"WebSite\",\"@id\":\"https:\/\/conesaespaisalut.com\/#website\",\"url\":\"https:\/\/conesaespaisalut.com\/\",\"name\":\"conesaespaisalut.com\",\"description\":\"\",\"publisher\":{\"@id\":\"https:\/\/conesaespaisalut.com\/#organization\"},\"potentialAction\":[{\"@type\":\"SearchAction\",\"target\":{\"@type\":\"EntryPoint\",\"urlTemplate\":\"https:\/\/conesaespaisalut.com\/?s={search_term_string}\"},\"query-input\":{\"@type\":\"PropertyValueSpecification\",\"valueRequired\":true,\"valueName\":\"search_term_string\"}}],\"inLanguage\":\"ca\"},{\"@type\":\"Organization\",\"@id\":\"https:\/\/conesaespaisalut.com\/#organization\",\"name\":\"conesaespaisalut.com\",\"url\":\"https:\/\/conesaespaisalut.com\/\",\"logo\":{\"@type\":\"ImageObject\",\"inLanguage\":\"ca\",\"@id\":\"https:\/\/conesaespaisalut.com\/#\/schema\/logo\/image\/\",\"url\":\"https:\/\/conesaespaisalut.com\/wp-content\/uploads\/2025\/11\/grayscale_transparent_nobuffer.png\",\"contentUrl\":\"https:\/\/conesaespaisalut.com\/wp-content\/uploads\/2025\/11\/grayscale_transparent_nobuffer.png\",\"width\":1280,\"height\":609,\"caption\":\"conesaespaisalut.com\"},\"image\":{\"@id\":\"https:\/\/conesaespaisalut.com\/#\/schema\/logo\/image\/\"}}]}<\/script>\n<!-- \/ Yoast SEO plugin. -->","yoast_head_json":{"title":"Servicios - conesaespaisalut.com","robots":{"index":"index","follow":"follow","max-snippet":"max-snippet:-1","max-image-preview":"max-image-preview:large","max-video-preview":"max-video-preview:-1"},"canonical":"https:\/\/conesaespaisalut.com\/ca\/servicios\/","og_locale":"ca_ES","og_type":"article","og_title":"Servicios - conesaespaisalut.com","og_description":"Fisioterapia Te ayudamos a recuperar, prevenir y optimizar tu estado f\u00edsico con un enfoque global e individualizado. Leer m\u00e1s Nutrici\u00f3n Trabajamos la nutrici\u00f3n desde un enfoque educativo, personalizado y basado en la evidencia cient\u00edfica y experiencia. Leer m\u00e1s Suelo P\u00e9lvico Trabajamos la recuperaci\u00f3n y el fortalecimiento del suelo p\u00e9lvico mediante terapia personalizada, ayud\u00e1ndote a mejorar [&hellip;]","og_url":"https:\/\/conesaespaisalut.com\/ca\/servicios\/","og_site_name":"conesaespaisalut.com","article_modified_time":"2025-12-16T15:57:45+00:00","twitter_card":"summary_large_image","twitter_misc":{"Temps estimat de lectura":"1 minut"},"schema":{"@context":"https:\/\/schema.org","@graph":[{"@type":"WebPage","@id":"https:\/\/conesaespaisalut.com\/servicios\/","url":"https:\/\/conesaespaisalut.com\/servicios\/","name":"Servicios - conesaespaisalut.com","isPartOf":{"@id":"https:\/\/conesaespaisalut.com\/#website"},"datePublished":"2025-11-15T11:39:24+00:00","dateModified":"2025-12-16T15:57:45+00:00","breadcrumb":{"@id":"https:\/\/conesaespaisalut.com\/servicios\/#breadcrumb"},"inLanguage":"ca","potentialAction":[{"@type":"ReadAction","target":["https:\/\/conesaespaisalut.com\/servicios\/"]}]},{"@type":"BreadcrumbList","@id":"https:\/\/conesaespaisalut.com\/servicios\/#breadcrumb","itemListElement":[{"@type":"ListItem","position":1,"name":"Home","item":"https:\/\/conesaespaisalut.com\/"},{"@type":"ListItem","position":2,"name":"Servicios"}]},{"@type":"WebSite","@id":"https:\/\/conesaespaisalut.com\/#website","url":"https:\/\/conesaespaisalut.com\/","name":"conesaespaisalut.com","description":"","publisher":{"@id":"https:\/\/conesaespaisalut.com\/#organization"},"potentialAction":[{"@type":"SearchAction","target":{"@type":"EntryPoint","urlTemplate":"https:\/\/conesaespaisalut.com\/?s={search_term_string}"},"query-input":{"@type":"PropertyValueSpecification","valueRequired":true,"valueName":"search_term_string"}}],"inLanguage":"ca"},{"@type":"Organization","@id":"https:\/\/conesaespaisalut.com\/#organization","name":"conesaespaisalut.com","url":"https:\/\/conesaespaisalut.com\/","logo":{"@type":"ImageObject","inLanguage":"ca","@id":"https:\/\/conesaespaisalut.com\/#\/schema\/logo\/image\/","url":"https:\/\/conesaespaisalut.com\/wp-content\/uploads\/2025\/11\/grayscale_transparent_nobuffer.png","contentUrl":"https:\/\/conesaespaisalut.com\/wp-content\/uploads\/2025\/11\/grayscale_transparent_nobuffer.png","width":1280,"height":609,"caption":"conesaespaisalut.com"},"image":{"@id":"https:\/\/conesaespaisalut.com\/#\/schema\/logo\/image\/"}}]}},"_links":{"self":[{"href":"https:\/\/conesaespaisalut.com\/ca\/wp-json\/wp\/v2\/pages\/224","targetHints":{"allow":["GET"]}}],"collection":[{"href":"https:\/\/conesaespaisalut.com\/ca\/wp-json\/wp\/v2\/pages"}],"about":[{"href":"https:\/\/conesaespaisalut.com\/ca\/wp-json\/wp\/v2\/types\/page"}],"author":[{"embeddable":true,"href":"https:\/\/conesaespaisalut.com\/ca\/wp-json\/wp\/v2\/users\/2"}],"replies":[{"embeddable":true,"href":"https:\/\/conesaespaisalut.com\/ca\/wp-json\/wp\/v2\/comments?post=224"}],"version-history":[{"count":43,"href":"https:\/\/conesaespaisalut.com\/ca\/wp-json\/wp\/v2\/pages\/224\/revisions"}],"predecessor-version":[{"id":778,"href":"https:\/\/conesaespaisalut.com\/ca\/wp-json\/wp\/v2\/pages\/224\/revisions\/778"}],"wp:attachment":[{"href":"https:\/\/conesaespaisalut.com\/ca\/wp-json\/wp\/v2\/media?parent=224"}],"curies":[{"name":"wp","href":"https:\/\/api.w.org\/{rel}","templated":true}]}}