{"id":283,"date":"2025-11-17T08:05:51","date_gmt":"2025-11-17T08:05:51","guid":{"rendered":"https:\/\/conesaespaisalut.com\/?page_id=283"},"modified":"2025-11-17T08:10:23","modified_gmt":"2025-11-17T08:10:23","slug":"aviso-legal","status":"publish","type":"page","link":"https:\/\/conesaespaisalut.com\/ca\/aviso-legal\/","title":{"rendered":"Av\u00eds Legal"},"content":{"rendered":"<div data-elementor-type=\"wp-page\" data-elementor-id=\"283\" class=\"elementor elementor-283\" data-elementor-post-type=\"page\">\n\t\t\t\t<div class=\"elementor-element elementor-element-c018218 e-flex e-con-boxed e-con e-parent\" data-id=\"c018218\" data-element_type=\"container\">\n\t\t\t\t\t<div class=\"e-con-inner\">\n\t\t\t\t<div class=\"elementor-element elementor-element-f3ddfb4 elementor-widget elementor-widget-text-editor\" data-id=\"f3ddfb4\" data-element_type=\"widget\" data-widget_type=\"text-editor.default\">\n\t\t\t\t\t\t\t\t\t<div class=\"elementor-element elementor-element-8904aa9 e-flex e-con-boxed e-con e-parent e-lazyloaded\" data-id=\"8904aa9\" data-element_type=\"container\"><div class=\"e-con-inner\"><div class=\"elementor-element elementor-element-e16af41 elementor-widget elementor-widget-heading\" data-id=\"e16af41\" data-element_type=\"widget\" data-widget_type=\"heading.default\"><div class=\"elementor-widget-container\"><h2 class=\"elementor-heading-title elementor-size-default\"><span style=\"color: #000000\">Av\u00eds legal<\/span><\/h2><\/div><\/div><\/div><\/div><div class=\"elementor-element elementor-element-9ee39ae e-flex e-con-boxed e-con e-parent e-lazyloaded\" data-id=\"9ee39ae\" data-element_type=\"container\"><div class=\"e-con-inner\"><div class=\"elementor-element elementor-element-697bcdf elementor-widget elementor-widget-text-editor\" data-id=\"697bcdf\" data-element_type=\"widget\" data-widget_type=\"text-editor.default\"><div class=\"elementor-widget-container\"><p><strong>1. DADES IDENTIFICATIVES<\/strong><\/p><p>Denominaci\u00f3 social: Guillem Conesa Prieto (d&#039;ara endavant responsable)<br \/>Nom comercial: Guillem Conesa Prieto<br \/>NIF: 39946210V<br \/>Domicili: Carrer de Cuba 88 Matar\u00f3 Barcelona 08302<br \/>e-mail: info@conesaespaisalut.com<\/p><p>El responsable, posa a disposici\u00f3 dels usuaris aquest document, amb el qual pret\u00e9n donar compliment a les obligacions disposades a la Llei 34\/2002, d&#039;11 de juliol, de Serveis de la Societat de la Informaci\u00f3 i del Comer\u00e7 Electr\u00f2nic (LSSICE), aix\u00ed com informar tots els usuaris del lloc web respecte a quines s\u00f3n les condicions d&#039;\u00fas. Tota persona que accedeixi a aquest lloc web assumeix el paper d&#039;usuari, comprometent-se a l&#039;observan\u00e7a i el compliment rigor\u00f3s de les disposicions aqu\u00ed disposades, aix\u00ed com a qualsevol altra disposici\u00f3 legal que sigui aplicable.<\/p><p>El responsable es reserva el dret de modificar qualsevol tipus d&#039;informaci\u00f3 que pogu\u00e9s apar\u00e8ixer al lloc web, sense que hi hagi obligaci\u00f3 de preavisar o posar en coneixement dels usuaris aquestes obligacions, entenent-se com a suficient amb la publicaci\u00f3 al lloc web del responsable.<\/p><p><strong>2. OBJECTE<\/strong><\/p><p>A trav\u00e9s del lloc web fet per<a href=\"https:\/\/cardeseo.com\/\">\u00a0Cardeseig<\/a>, us oferim als Usuaris la possibilitat d&#039;accedir a la informaci\u00f3 sobre els nostres serveis.<\/p><p><strong>3. PRIVACITAT I TRACTAMENT DE DADES<\/strong><\/p><p>Quan per a l&#039;acc\u00e9s a determinats continguts o servei sigui necessari facilitar dades de car\u00e0cter personal, els Usuaris garantiran la seva veracitat, exactitud, autenticitat i vig\u00e8ncia. L&#039;empresa donar\u00e0 a aquestes dades el tractament automatitzat que correspongui en funci\u00f3 de la seva naturalesa o finalitat, en els termes indicats a la secci\u00f3 de Pol\u00edtica de Privadesa.<\/p><p><strong>4. PROPIETAT INDUSTRIAL I INTEL\u00b7LECTUAL<\/strong><\/p><p>L&#039;Usuari reconeix i accepta que tots els continguts que es mostren a l&#039;Espai Web i en especial, dissenys, textos, imatges, logos, icones, botons, programari, noms comercials, marques, o qualssevol altres signes susceptibles d&#039;utilitzaci\u00f3 industrial i\/o comercial estan subjectes a drets de Propietat Intel\u00b7lectual i totes les marques, noms comercials o signes distintius, qualssevol altres elements inserits a la p\u00e0gina, que s\u00f3n propietat exclusiva de l&#039;empresa i\/o de tercers, els qui tenen el dret exclusiu d&#039;utilitzar-los en el tr\u00e0nsit econ\u00f2mic. Per tot aix\u00f2, l&#039;Usuari es compromet a no reproduir, copiar, distribuir, posar a disposici\u00f3 o de qualsevol altra manera comunicar p\u00fablicament, transformar o modificar aquests continguts mantenint indemne l&#039;empresa de qualsevol reclamaci\u00f3 que es derivi de l&#039;incompliment d&#039;aquestes obligacions.<\/p><p>En cap cas l&#039;acc\u00e9s a l&#039;Espai Web implica cap tipus de ren\u00fancia, transmissi\u00f3, llic\u00e8ncia o cessi\u00f3 total ni parcial dels drets esmentats, llevat que s&#039;estableixi expressament el contrari. Aquestes Condicions Generals d&#039;\u00das de l&#039;Espai Web no confereixen als Usuaris cap altre dret d&#039;utilitzaci\u00f3, alteraci\u00f3, explotaci\u00f3, reproducci\u00f3, distribuci\u00f3 o comunicaci\u00f3 p\u00fablica de l&#039;Espai Web i\/o dels seus continguts diferents dels aqu\u00ed previstos expressament. Qualsevol altre \u00fas o explotaci\u00f3 de qualsevol dret estar\u00e0 subjecte a la pr\u00e8via i expressa autoritzaci\u00f3 espec\u00edficament atorgada a aquest efecte per l&#039;empresa o el tercer titular dels drets afectats.<\/p><p>Els continguts, textos, fotografies, dissenys, logotips, imatges, programes d&#039;ordinador, codis font i, en general, qualsevol creaci\u00f3 intel\u00b7lectual existent en aquest Espai, aix\u00ed com el mateix Espai en conjunt, com a obra art\u00edstica multim\u00e8dia, estan protegits com a drets d&#039;autor per la legislaci\u00f3 en mat\u00e8ria de propietat intel\u00b7lectual. L&#039;empresa \u00e9s titular dels elements que integren el disseny gr\u00e0fic de l&#039;Espai Web, els men\u00fas, els botons de navegaci\u00f3, el codi HTML, els textos, imatges, textures, gr\u00e0fics i qualsevol altre contingut de l&#039;Espai Web o, en qualsevol cas, disposa de la corresponent autoritzaci\u00f3 per a la utilitzaci\u00f3 d&#039;aquests elements. El contingut disposat a l&#039;Espai Web no podr\u00e0 ser reprodu\u00eft ni en tot ni en part, ni transm\u00e8s, ni registrat per cap sistema de recuperaci\u00f3 d&#039;informaci\u00f3, de cap manera ni de cap mitj\u00e0, llevat que es compti amb l&#039;autoritzaci\u00f3 pr\u00e8via, per escrit, de l&#039;Entitat esmentada.<\/p><p>Aix\u00ed mateix, queda prohibit suprimir, eludir i\/o manipular el copyright aix\u00ed com els dispositius t\u00e8cnics de protecci\u00f3, o qualsevol mecanisme d&#039;informaci\u00f3 que pogu\u00e9s contenir els continguts. L&#039;Usuari d&#039;aquest Espai Web es compromet a respectar els drets enunciats ia evitar qualsevol actuaci\u00f3 que els pugui perjudicar, reservant-se en tot cas l&#039;empresa l&#039;exercici de tots els mitjans o accions legals que li corresponguin en defensa dels seus drets leg\u00edtims de propietat intel\u00b7lectual i industrial.<\/p><p><strong>5. RESPONSABILITATS<\/strong><\/p><p>No es garanteix l&#039;acc\u00e9s continuat, ni la correcta visualitzaci\u00f3, desc\u00e0rrega o utilitat dels elements i informacions contingudes a la web que es puguin veure impedits, dificultats o interromputs per factors o circumst\u00e0ncies que estan fora del seu control. No es fa responsable de les decisions que es puguin adoptar com a conseq\u00fc\u00e8ncia de l&#039;acc\u00e9s als continguts o les informacions ofertes.<\/p><p>Es podr\u00e0 interrompre el servei, o resoldre de manera immediata la relaci\u00f3 amb l&#039;Usuari, si es detecta que un \u00fas del seu Espai Web, o de qualsevol dels serveis oferts en aquest, \u00e9s contrari a les presents Condicions Generals d&#039;\u00das. No ens fem responsables per danys, perjudicis, p\u00e8rdues, reclamacions o despeses derivades de l&#039;\u00fas de l&#039;Espai Web.<\/p><p>\u00danicament ser\u00e0 responsable d&#039;eliminar, com m\u00e9s aviat millor, els continguts que puguin generar aquests perjudicis, sempre que aix\u00ed es notifiqui.<\/p><p>L&#039;empresa exclou qualsevol responsabilitat pels danys i perjudicis de tota naturalesa que es puguin deure a la mala utilitzaci\u00f3 dels serveis de lliure disposici\u00f3 i \u00fas per part dels usuaris d&#039;espai web. Aix\u00ed mateix, queda exonerat de qualsevol responsabilitat pel contingut i les informacions que puguin ser rebudes com a conseq\u00fc\u00e8ncia dels formularis de recollida de dades, i aquests estan \u00fanicament per a la prestaci\u00f3 dels serveis de consultes i dubtes. D&#039;altra banda, en cas de causar danys i perjudicis per un \u00fas il\u00b7l\u00edcit o incorrecte dels serveis esmentats, podr\u00e0 ser l&#039;Usuari reclamat pels danys o perjudicis causats.<\/p><p>Vost\u00e8 mantindr\u00e0 l&#039;empresa indemne davant de qualsevol dany i perjudici que es derivin de reclamacions, accions o demandes de tercers com a conseq\u00fc\u00e8ncia del seu acc\u00e9s o \u00fas de l&#039;Espai Web. Aix\u00ed mateix, vost\u00e8 s&#039;obliga a indemnitzar davant de qualsevol dany i perjudici, que es derivin de l&#039;\u00fas per la seva banda de robots, spiders, crawlers o eines similars emprades per tal de demanar o extreure dades o de qualsevol altra actuaci\u00f3 per part seva que imposi una c\u00e0rrega irraonable sobre el funcionament de l&#039;Espai Web.<\/p><p><strong>6. HIPERVINCLES<\/strong><\/p><p>L&#039;Usuari s&#039;obliga a no reproduir de cap manera, ni tan sols mitjan\u00e7ant un hiperenlla\u00e7 o hipervincle, l&#039;Espai Web, aix\u00ed com cap dels seus continguts, llevat d&#039;autoritzaci\u00f3 expressa i per escrit del responsable del fitxer.<\/p><p>L&#039;Espai Web pot incloure enlla\u00e7os a altres espais web, gestionats per tercers, per facilitar l&#039;acc\u00e9s de l&#039;Usuari a la informaci\u00f3 d&#039;empreses col\u00b7laboradores i\/o patrocinadores. D&#039;acord amb aix\u00f2, la societat no es responsabilitza del contingut dels Espais web esmentats, ni se situa en una posici\u00f3 de garant ni\/o de part ofertant dels serveis i\/o informaci\u00f3 que es puguin oferir a tercers a trav\u00e9s dels enlla\u00e7os de tercers.<\/p><p><strong>7. PROTECCI\u00d3 DE DADES<\/strong><\/p><p>Per utilitzar alguns dels serveis, l&#039;usuari ha de proporcionar pr\u00e8viament certes dades de car\u00e0cter personal. L&#039;empresa tractar\u00e0 automatitzadament aquestes dades i aplicar\u00e0 les mesures de seguretat corresponents, tot aix\u00f2 en compliment del RGPD, LOPDGDD i LSSI. L&#039;Usuari pot accedir a la pol\u00edtica seguida en el tractament de les dades personals, aix\u00ed com l&#039;establiment de les finalitats pr\u00e8viament establertes, en les condicions definides a la Pol\u00edtica de Privadesa.<\/p><p><strong>8.COOKIES<\/strong><\/p><p>L&#039;empresa es reserva el dret d&#039;utilitzar la tecnologia \u201ccookie\u201d a l&#039;Espai Web, per tal de recon\u00e8ixer-ho com a Usuari freq\u00fcent i personalitzar l&#039;\u00fas que realitzi de l&#039;Espai Web mitjan\u00e7ant la preselecci\u00f3 del vostre idioma, o continguts m\u00e9s desitjats o espec\u00edfics.<br \/>Les galetes recopilen l&#039;adre\u00e7a IP de l&#039;usuari i \u00e9s Google el responsable del tractament d&#039;aquesta informaci\u00f3.<\/p><p>Les cookies s\u00f3n fitxers enviats a un navegador, per mitj\u00e0 d&#039;un servidor web, per registrar la navegaci\u00f3 de l&#039;usuari a l&#039;espai web, quan l&#039;usuari en permeti la recepci\u00f3. Si ho desitgeu podeu configurar el vostre navegador per a ser avisat en pantalla de la recepci\u00f3 de cookies i per impedir la instal\u00b7laci\u00f3 de cookies al vostre disc dur. Si us plau, consulteu les instruccions i manuals del vostre navegador per ampliar aquesta informaci\u00f3.<\/p><p>Gr\u00e0cies a les cookies, \u00e9s possible que es pugui recon\u00e8ixer el navegador de l&#039;ordinador utilitzat per l&#039;Usuari amb la finalitat de facilitar continguts i oferir les prefer\u00e8ncies de navegaci\u00f3 o publicit\u00e0ries que l&#039;Usuari, als perfils demogr\u00e0fics dels Usuaris aix\u00ed com per mesurar les visites i par\u00e0metres del tr\u00e0nsit, controlar el progr\u00e9s i el nombre d&#039;entrades.<\/p><p><strong>9. DECLARACIONS I GARANTIES<\/strong><\/p><p>En general, els continguts i serveis oferts a l&#039;Espai Web tenen car\u00e0cter merament informatiu. Per tant, en oferir-los, no s&#039;atorga cap garantia ni cap declaraci\u00f3 en relaci\u00f3 amb els continguts i serveis oferts a l&#039;espai web, incloent-hi, a t\u00edtol enunciatiu, garanties de licitud, fiabilitat, utilitat, veracitat, exactitud, o comerciabilitat, llevat de la mesura que per llei no es puguin excloure aquestes declaracions i garanties.<\/p><p><strong>10. FOR\u00c7A MAJOR<\/strong><\/p><p>L&#039;empresa no ser\u00e0 responsable en tot cas d&#039;impossibilitat de prestar servei, si aquesta \u00e9s deguda a interrupcions prolongades del subministrament el\u00e8ctric, l\u00ednies de telecomunicacions, conflictes socials, vagues, rebel\u00b7li\u00f3, explosions, inundacions, actes i omissions del Govern, i en general tots els sup\u00f2sits de for\u00e7a major o de cas fortu\u00eft.<\/p><p><strong>11. RESOLUCI\u00d3 DE CONTROV\u00c8RSIES. LLEI APLICABLE I JURISDICCI\u00d3<\/strong><\/p><p>Aquestes Condicions Generals d&#039;\u00das, aix\u00ed com l&#039;\u00fas de l&#039;Espai Web, es regeixen per la legislaci\u00f3 espanyola. Per a la resoluci\u00f3 de qualsevol controv\u00e8rsia les parts se sotmetran als jutjats i tribunals del domicili social del responsable del lloc web.<\/p><p>En cas que qualsevol estipulaci\u00f3 de les presents Condicions Generals d&#039;\u00das result\u00e9s inexigible o nul\u00b7la en virtut de la legislaci\u00f3 aplicable o com a conseq\u00fc\u00e8ncia d&#039;una resoluci\u00f3 judicial o administrativa, aquesta inexigibilitat o nul\u00b7litat no far\u00e0 que aquestes Condicions Generals d&#039;\u00das resultin inexigibles o nul\u00b7les en conjunt. En aquests casos, l&#039;empresa ha de modificar o substituir aquesta estipulaci\u00f3 per una altra que sigui v\u00e0lida i exigible i que, en la mesura que sigui possible, aconsegueixi l&#039;objectiu i la pretensi\u00f3 reflectits en l&#039;estipulaci\u00f3 original.<\/p><\/div><\/div><\/div><\/div>\t\t\t\t\t\t\t\t<\/div>\n\t\t\t\t\t<\/div>\n\t\t\t\t<\/div>\n\t\t\t\t<\/div>","protected":false},"excerpt":{"rendered":"<p>Aviso legal 1. DATOS IDENTIFICATIVOS Denominaci\u00f3n social: Guillem Conesa Prieto (en adelante responsable)Nombre comercial: Guillem Conesa PrietoNIF: 39946210VDomicilio: Carrer de Cuba 88 Matar\u00f3 Barcelona 08302e-mail: info@conesaespaisalut.com El responsable, pone a disposici\u00f3n de los usuarios el presente documento, con el que pretende dar cumplimiento a las obligaciones dispuestas en la Ley 34\/2002, de 11 de julio, [&hellip;]<\/p>","protected":false},"author":2,"featured_media":0,"parent":0,"menu_order":0,"comment_status":"closed","ping_status":"closed","template":"elementor_header_footer","meta":{"footnotes":""},"class_list":["post-283","page","type-page","status-publish","hentry"],"yoast_head":"<!-- This site is optimized with the Yoast SEO plugin v26.4 - https:\/\/yoast.com\/wordpress\/plugins\/seo\/ -->\n<title>Aviso Legal - conesaespaisalut.com<\/title>\n<meta name=\"robots\" content=\"index, follow, max-snippet:-1, max-image-preview:large, max-video-preview:-1\" \/>\n<link rel=\"canonical\" href=\"https:\/\/conesaespaisalut.com\/ca\/aviso-legal\/\" \/>\n<meta property=\"og:locale\" content=\"ca_ES\" \/>\n<meta property=\"og:type\" content=\"article\" \/>\n<meta property=\"og:title\" content=\"Aviso Legal - conesaespaisalut.com\" \/>\n<meta property=\"og:description\" content=\"Aviso legal 1. DATOS IDENTIFICATIVOS Denominaci\u00f3n social: Guillem Conesa Prieto (en adelante responsable)Nombre comercial: Guillem Conesa PrietoNIF: 39946210VDomicilio: Carrer de Cuba 88 Matar\u00f3 Barcelona 08302e-mail: info@conesaespaisalut.com El responsable, pone a disposici\u00f3n de los usuarios el presente documento, con el que pretende dar cumplimiento a las obligaciones dispuestas en la Ley 34\/2002, de 11 de julio, [&hellip;]\" \/>\n<meta property=\"og:url\" content=\"https:\/\/conesaespaisalut.com\/ca\/aviso-legal\/\" \/>\n<meta property=\"og:site_name\" content=\"conesaespaisalut.com\" \/>\n<meta property=\"article:modified_time\" content=\"2025-11-17T08:10:23+00:00\" \/>\n<meta name=\"twitter:card\" content=\"summary_large_image\" \/>\n<script type=\"application\/ld+json\" class=\"yoast-schema-graph\">{\"@context\":\"https:\/\/schema.org\",\"@graph\":[{\"@type\":\"WebPage\",\"@id\":\"https:\/\/conesaespaisalut.com\/aviso-legal\/\",\"url\":\"https:\/\/conesaespaisalut.com\/aviso-legal\/\",\"name\":\"Aviso Legal - conesaespaisalut.com\",\"isPartOf\":{\"@id\":\"https:\/\/conesaespaisalut.com\/#website\"},\"datePublished\":\"2025-11-17T08:05:51+00:00\",\"dateModified\":\"2025-11-17T08:10:23+00:00\",\"breadcrumb\":{\"@id\":\"https:\/\/conesaespaisalut.com\/aviso-legal\/#breadcrumb\"},\"inLanguage\":\"ca\",\"potentialAction\":[{\"@type\":\"ReadAction\",\"target\":[\"https:\/\/conesaespaisalut.com\/aviso-legal\/\"]}]},{\"@type\":\"BreadcrumbList\",\"@id\":\"https:\/\/conesaespaisalut.com\/aviso-legal\/#breadcrumb\",\"itemListElement\":[{\"@type\":\"ListItem\",\"position\":1,\"name\":\"Home\",\"item\":\"https:\/\/conesaespaisalut.com\/\"},{\"@type\":\"ListItem\",\"position\":2,\"name\":\"Aviso Legal\"}]},{\"@type\":\"WebSite\",\"@id\":\"https:\/\/conesaespaisalut.com\/#website\",\"url\":\"https:\/\/conesaespaisalut.com\/\",\"name\":\"conesaespaisalut.com\",\"description\":\"\",\"publisher\":{\"@id\":\"https:\/\/conesaespaisalut.com\/#organization\"},\"potentialAction\":[{\"@type\":\"SearchAction\",\"target\":{\"@type\":\"EntryPoint\",\"urlTemplate\":\"https:\/\/conesaespaisalut.com\/?s={search_term_string}\"},\"query-input\":{\"@type\":\"PropertyValueSpecification\",\"valueRequired\":true,\"valueName\":\"search_term_string\"}}],\"inLanguage\":\"ca\"},{\"@type\":\"Organization\",\"@id\":\"https:\/\/conesaespaisalut.com\/#organization\",\"name\":\"conesaespaisalut.com\",\"url\":\"https:\/\/conesaespaisalut.com\/\",\"logo\":{\"@type\":\"ImageObject\",\"inLanguage\":\"ca\",\"@id\":\"https:\/\/conesaespaisalut.com\/#\/schema\/logo\/image\/\",\"url\":\"https:\/\/conesaespaisalut.com\/wp-content\/uploads\/2025\/11\/grayscale_transparent_nobuffer.png\",\"contentUrl\":\"https:\/\/conesaespaisalut.com\/wp-content\/uploads\/2025\/11\/grayscale_transparent_nobuffer.png\",\"width\":1280,\"height\":609,\"caption\":\"conesaespaisalut.com\"},\"image\":{\"@id\":\"https:\/\/conesaespaisalut.com\/#\/schema\/logo\/image\/\"}}]}<\/script>\n<!-- \/ Yoast SEO plugin. -->","yoast_head_json":{"title":"Aviso Legal - conesaespaisalut.com","robots":{"index":"index","follow":"follow","max-snippet":"max-snippet:-1","max-image-preview":"max-image-preview:large","max-video-preview":"max-video-preview:-1"},"canonical":"https:\/\/conesaespaisalut.com\/ca\/aviso-legal\/","og_locale":"ca_ES","og_type":"article","og_title":"Aviso Legal - conesaespaisalut.com","og_description":"Aviso legal 1. DATOS IDENTIFICATIVOS Denominaci\u00f3n social: Guillem Conesa Prieto (en adelante responsable)Nombre comercial: Guillem Conesa PrietoNIF: 39946210VDomicilio: Carrer de Cuba 88 Matar\u00f3 Barcelona 08302e-mail: info@conesaespaisalut.com El responsable, pone a disposici\u00f3n de los usuarios el presente documento, con el que pretende dar cumplimiento a las obligaciones dispuestas en la Ley 34\/2002, de 11 de julio, [&hellip;]","og_url":"https:\/\/conesaespaisalut.com\/ca\/aviso-legal\/","og_site_name":"conesaespaisalut.com","article_modified_time":"2025-11-17T08:10:23+00:00","twitter_card":"summary_large_image","schema":{"@context":"https:\/\/schema.org","@graph":[{"@type":"WebPage","@id":"https:\/\/conesaespaisalut.com\/aviso-legal\/","url":"https:\/\/conesaespaisalut.com\/aviso-legal\/","name":"Aviso Legal - conesaespaisalut.com","isPartOf":{"@id":"https:\/\/conesaespaisalut.com\/#website"},"datePublished":"2025-11-17T08:05:51+00:00","dateModified":"2025-11-17T08:10:23+00:00","breadcrumb":{"@id":"https:\/\/conesaespaisalut.com\/aviso-legal\/#breadcrumb"},"inLanguage":"ca","potentialAction":[{"@type":"ReadAction","target":["https:\/\/conesaespaisalut.com\/aviso-legal\/"]}]},{"@type":"BreadcrumbList","@id":"https:\/\/conesaespaisalut.com\/aviso-legal\/#breadcrumb","itemListElement":[{"@type":"ListItem","position":1,"name":"Home","item":"https:\/\/conesaespaisalut.com\/"},{"@type":"ListItem","position":2,"name":"Aviso Legal"}]},{"@type":"WebSite","@id":"https:\/\/conesaespaisalut.com\/#website","url":"https:\/\/conesaespaisalut.com\/","name":"conesaespaisalut.com","description":"","publisher":{"@id":"https:\/\/conesaespaisalut.com\/#organization"},"potentialAction":[{"@type":"SearchAction","target":{"@type":"EntryPoint","urlTemplate":"https:\/\/conesaespaisalut.com\/?s={search_term_string}"},"query-input":{"@type":"PropertyValueSpecification","valueRequired":true,"valueName":"search_term_string"}}],"inLanguage":"ca"},{"@type":"Organization","@id":"https:\/\/conesaespaisalut.com\/#organization","name":"conesaespaisalut.com","url":"https:\/\/conesaespaisalut.com\/","logo":{"@type":"ImageObject","inLanguage":"ca","@id":"https:\/\/conesaespaisalut.com\/#\/schema\/logo\/image\/","url":"https:\/\/conesaespaisalut.com\/wp-content\/uploads\/2025\/11\/grayscale_transparent_nobuffer.png","contentUrl":"https:\/\/conesaespaisalut.com\/wp-content\/uploads\/2025\/11\/grayscale_transparent_nobuffer.png","width":1280,"height":609,"caption":"conesaespaisalut.com"},"image":{"@id":"https:\/\/conesaespaisalut.com\/#\/schema\/logo\/image\/"}}]}},"_links":{"self":[{"href":"https:\/\/conesaespaisalut.com\/ca\/wp-json\/wp\/v2\/pages\/283","targetHints":{"allow":["GET"]}}],"collection":[{"href":"https:\/\/conesaespaisalut.com\/ca\/wp-json\/wp\/v2\/pages"}],"about":[{"href":"https:\/\/conesaespaisalut.com\/ca\/wp-json\/wp\/v2\/types\/page"}],"author":[{"embeddable":true,"href":"https:\/\/conesaespaisalut.com\/ca\/wp-json\/wp\/v2\/users\/2"}],"replies":[{"embeddable":true,"href":"https:\/\/conesaespaisalut.com\/ca\/wp-json\/wp\/v2\/comments?post=283"}],"version-history":[{"count":4,"href":"https:\/\/conesaespaisalut.com\/ca\/wp-json\/wp\/v2\/pages\/283\/revisions"}],"predecessor-version":[{"id":288,"href":"https:\/\/conesaespaisalut.com\/ca\/wp-json\/wp\/v2\/pages\/283\/revisions\/288"}],"wp:attachment":[{"href":"https:\/\/conesaespaisalut.com\/ca\/wp-json\/wp\/v2\/media?parent=283"}],"curies":[{"name":"wp","href":"https:\/\/api.w.org\/{rel}","templated":true}]}}