{"id":753,"date":"2025-12-16T15:04:53","date_gmt":"2025-12-16T15:04:53","guid":{"rendered":"https:\/\/conesaespaisalut.com\/?page_id=753"},"modified":"2025-12-18T08:44:07","modified_gmt":"2025-12-18T08:44:07","slug":"entrenamiento-personal","status":"publish","type":"page","link":"https:\/\/conesaespaisalut.com\/ca\/entrenamiento-personal\/","title":{"rendered":"Entrenament personal"},"content":{"rendered":"<div data-elementor-type=\"wp-page\" data-elementor-id=\"753\" class=\"elementor elementor-753\" data-elementor-post-type=\"page\">\n\t\t\t\t<div class=\"elementor-element elementor-element-1aa14b6 e-flex e-con-boxed e-con e-parent\" data-id=\"1aa14b6\" data-element_type=\"container\" data-settings=\"{&quot;background_background&quot;:&quot;classic&quot;}\">\n\t\t\t\t\t<div class=\"e-con-inner\">\n\t\t\t\t<div class=\"elementor-element elementor-element-f4b479c elementor-widget elementor-widget-text-editor\" data-id=\"f4b479c\" data-element_type=\"widget\" data-widget_type=\"text-editor.default\">\n\t\t\t\t\t\t\t\t\t<p>L\u00b4entrenament personal est\u00e0 pensat per a persones que volen millorar la seva condici\u00f3 f\u00edsica, prevenir lesions o recuperar-se d\u00b4una mol\u00e8stia amb un programa adaptat i supervisat.<\/p>\t\t\t\t\t\t\t\t<\/div>\n\t\t\t\t\t<\/div>\n\t\t\t\t<\/div>\n\t\t<div class=\"elementor-element elementor-element-7d1be15 e-flex e-con-boxed e-con e-parent\" data-id=\"7d1be15\" data-element_type=\"container\">\n\t\t\t\t\t<div class=\"e-con-inner\">\n\t\t<div class=\"elementor-element elementor-element-a07552c e-con-full e-flex e-con e-child\" data-id=\"a07552c\" data-element_type=\"container\" data-settings=\"{&quot;background_background&quot;:&quot;classic&quot;}\">\n\t\t\t\t<\/div>\n\t\t<div class=\"elementor-element elementor-element-cc4c062 e-con-full e-flex e-con e-child\" data-id=\"cc4c062\" data-element_type=\"container\">\n\t\t\t\t<div class=\"elementor-element elementor-element-61cea8d elementor-widget elementor-widget-heading\" data-id=\"61cea8d\" data-element_type=\"widget\" data-widget_type=\"heading.default\">\n\t\t\t\t\t<h3 class=\"elementor-heading-title elementor-size-default\">\nEntrena amb seguretat, millora el teu rendiment i guanya salut<\/h3>\t\t\t\t<\/div>\n\t\t\t\t<div class=\"elementor-element elementor-element-93ffc83 elementor-widget elementor-widget-text-editor\" data-id=\"93ffc83\" data-element_type=\"widget\" data-widget_type=\"text-editor.default\">\n\t\t\t\t\t\t\t\t\t<p>L\u00b4entrenament personal est\u00e0 pensat per a persones que volen millorar la seva condici\u00f3 f\u00edsica, prevenir lesions o recuperar-se d\u00b4una mol\u00e8stia amb un programa adaptat i supervisat. Treballem de manera individualitzada, ajustant l&#039;entrenament al teu nivell, objectius i moments vitals.<br \/>El nostre enfocament combina for\u00e7a, mobilitat, control del moviment i educaci\u00f3 corporal per aconseguir resultats reals i sostenibles.<\/p>\t\t\t\t\t\t\t\t<\/div>\n\t\t\t\t<div class=\"elementor-element elementor-element-83bee1e elementor-widget elementor-widget-heading\" data-id=\"83bee1e\" data-element_type=\"widget\" data-widget_type=\"heading.default\">\n\t\t\t\t\t<h4 class=\"elementor-heading-title elementor-size-default\">Qu\u00e8 us aporta l&#039;entrenament personal?<\/h4>\t\t\t\t<\/div>\n\t\t\t\t<div class=\"elementor-element elementor-element-f19738c elementor-icon-list--layout-traditional elementor-list-item-link-full_width elementor-widget elementor-widget-icon-list\" data-id=\"f19738c\" data-element_type=\"widget\" data-widget_type=\"icon-list.default\">\n\t\t\t\t\t\t\t<ul class=\"elementor-icon-list-items\">\n\t\t\t\t\t\t\t<li class=\"elementor-icon-list-item\">\n\t\t\t\t\t\t\t\t\t\t\t<span class=\"elementor-icon-list-icon\">\n\t\t\t\t\t\t\t<svg aria-hidden=\"true\" class=\"e-font-icon-svg e-fas-check\" viewbox=\"0 0 512 512\" xmlns=\"http:\/\/www.w3.org\/2000\/svg\"><path d=\"M173.898 439.404l-166.4-166.4c-9.997-9.997-9.997-26.206 0-36.204l36.203-36.204c9.997-9.998 26.207-9.998 36.204 0L192 312.69 432.095 72.596c9.997-9.997 26.207-9.997 36.204 0l36.203 36.204c9.997 9.997 9.997 26.206 0 36.204l-294.4 294.401c-9.998 9.997-26.207 9.997-36.204-.001z\"><\/path><\/svg>\t\t\t\t\t\t<\/span>\n\t\t\t\t\t\t\t\t\t\t<span class=\"elementor-icon-list-text\">Millora de la for\u00e7a, mobilitat i resist\u00e8ncia<\/span>\n\t\t\t\t\t\t\t\t\t<\/li>\n\t\t\t\t\t\t\t\t<li class=\"elementor-icon-list-item\">\n\t\t\t\t\t\t\t\t\t\t\t<span class=\"elementor-icon-list-icon\">\n\t\t\t\t\t\t\t<svg aria-hidden=\"true\" class=\"e-font-icon-svg e-fas-check\" viewbox=\"0 0 512 512\" xmlns=\"http:\/\/www.w3.org\/2000\/svg\"><path d=\"M173.898 439.404l-166.4-166.4c-9.997-9.997-9.997-26.206 0-36.204l36.203-36.204c9.997-9.998 26.207-9.998 36.204 0L192 312.69 432.095 72.596c9.997-9.997 26.207-9.997 36.204 0l36.203 36.204c9.997 9.997 9.997 26.206 0 36.204l-294.4 294.401c-9.998 9.997-26.207 9.997-36.204-.001z\"><\/path><\/svg>\t\t\t\t\t\t<\/span>\n\t\t\t\t\t\t\t\t\t\t<span class=\"elementor-icon-list-text\">Prevenci\u00f3 de lesions i treball segur<\/span>\n\t\t\t\t\t\t\t\t\t<\/li>\n\t\t\t\t\t\t\t\t<li class=\"elementor-icon-list-item\">\n\t\t\t\t\t\t\t\t\t\t\t<span class=\"elementor-icon-list-icon\">\n\t\t\t\t\t\t\t<svg aria-hidden=\"true\" class=\"e-font-icon-svg e-fas-check\" viewbox=\"0 0 512 512\" xmlns=\"http:\/\/www.w3.org\/2000\/svg\"><path d=\"M173.898 439.404l-166.4-166.4c-9.997-9.997-9.997-26.206 0-36.204l36.203-36.204c9.997-9.998 26.207-9.998 36.204 0L192 312.69 432.095 72.596c9.997-9.997 26.207-9.997 36.204 0l36.203 36.204c9.997 9.997 9.997 26.206 0 36.204l-294.4 294.401c-9.998 9.997-26.207 9.997-36.204-.001z\"><\/path><\/svg>\t\t\t\t\t\t<\/span>\n\t\t\t\t\t\t\t\t\t\t<span class=\"elementor-icon-list-text\">Readaptaci\u00f3 despr\u00e9s d&#039;una lesi\u00f3<\/span>\n\t\t\t\t\t\t\t\t\t<\/li>\n\t\t\t\t\t\t\t\t<li class=\"elementor-icon-list-item\">\n\t\t\t\t\t\t\t\t\t\t\t<span class=\"elementor-icon-list-icon\">\n\t\t\t\t\t\t\t<svg aria-hidden=\"true\" class=\"e-font-icon-svg e-fas-check\" viewbox=\"0 0 512 512\" xmlns=\"http:\/\/www.w3.org\/2000\/svg\"><path d=\"M173.898 439.404l-166.4-166.4c-9.997-9.997-9.997-26.206 0-36.204l36.203-36.204c9.997-9.998 26.207-9.998 36.204 0L192 312.69 432.095 72.596c9.997-9.997 26.207-9.997 36.204 0l36.203 36.204c9.997 9.997 9.997 26.206 0 36.204l-294.4 294.401c-9.998 9.997-26.207 9.997-36.204-.001z\"><\/path><\/svg>\t\t\t\t\t\t<\/span>\n\t\t\t\t\t\t\t\t\t\t<span class=\"elementor-icon-list-text\">Optimitzaci\u00f3 del rendiment esportiu<\/span>\n\t\t\t\t\t\t\t\t\t<\/li>\n\t\t\t\t\t\t\t\t<li class=\"elementor-icon-list-item\">\n\t\t\t\t\t\t\t\t\t\t\t<span class=\"elementor-icon-list-icon\">\n\t\t\t\t\t\t\t<svg aria-hidden=\"true\" class=\"e-font-icon-svg e-fas-check\" viewbox=\"0 0 512 512\" xmlns=\"http:\/\/www.w3.org\/2000\/svg\"><path d=\"M173.898 439.404l-166.4-166.4c-9.997-9.997-9.997-26.206 0-36.204l36.203-36.204c9.997-9.998 26.207-9.998 36.204 0L192 312.69 432.095 72.596c9.997-9.997 26.207-9.997 36.204 0l36.203 36.204c9.997 9.997 9.997 26.206 0 36.204l-294.4 294.401c-9.998 9.997-26.207 9.997-36.204-.001z\"><\/path><\/svg>\t\t\t\t\t\t<\/span>\n\t\t\t\t\t\t\t\t\t\t<span class=\"elementor-icon-list-text\">Programes adaptats a qualsevol edat i nivell<\/span>\n\t\t\t\t\t\t\t\t\t<\/li>\n\t\t\t\t\t\t<\/ul>\n\t\t\t\t\t\t<\/div>\n\t\t\t\t<div class=\"elementor-element elementor-element-0e248f2 elementor-widget elementor-widget-text-editor\" data-id=\"0e248f2\" data-element_type=\"widget\" data-widget_type=\"text-editor.default\">\n\t\t\t\t\t\t\t\t\t<p>Les sessions estan dirigides per <strong>Jan Segura<\/strong>, preparador f\u00edsic amb m\u00e9s de 15 anys d&#039;experi\u00e8ncia en entrenament, readaptaci\u00f3 i rendiment esportiu.<br \/>El nostre enfocament combina for\u00e7a, mobilitat, control del moviment i educaci\u00f3 corporal per aconseguir resultats reals i sostenibles.<\/p>\t\t\t\t\t\t\t\t<\/div>\n\t\t\t\t<\/div>\n\t\t\t\t\t<\/div>\n\t\t\t\t<\/div>\n\t\t<div class=\"elementor-element elementor-element-bad3d71 e-flex e-con-boxed e-con e-parent\" data-id=\"bad3d71\" data-element_type=\"container\" data-settings=\"{&quot;background_background&quot;:&quot;classic&quot;}\">\n\t\t\t\t\t<div class=\"e-con-inner\">\n\t\t<div class=\"elementor-element elementor-element-dae0fa1 e-con-full e-flex e-con e-child\" data-id=\"dae0fa1\" data-element_type=\"container\">\n\t\t<div class=\"elementor-element elementor-element-221bae1 e-con-full e-flex e-con e-child\" data-id=\"221bae1\" data-element_type=\"container\" data-settings=\"{&quot;background_background&quot;:&quot;classic&quot;}\">\n\t\t<div class=\"elementor-element elementor-element-20ba372 e-con-full e-flex e-con e-child\" data-id=\"20ba372\" data-element_type=\"container\">\n\t\t\t\t<div class=\"elementor-element elementor-element-5cdfda2 elementor-widget-divider--view-line elementor-widget elementor-widget-divider\" data-id=\"5cdfda2\" data-element_type=\"widget\" data-widget_type=\"divider.default\">\n\t\t\t\t\t\t\t<div class=\"elementor-divider\">\n\t\t\t<span class=\"elementor-divider-separator\">\n\t\t\t\t\t\t<\/span>\n\t\t<\/div>\n\t\t\t\t\t\t<\/div>\n\t\t\t\t<div class=\"elementor-element elementor-element-6742631 elementor-widget elementor-widget-heading\" data-id=\"6742631\" data-element_type=\"widget\" data-widget_type=\"heading.default\">\n\t\t\t\t\t<h5 class=\"elementor-heading-title elementor-size-default\"> Com treballem?<\/h5>\t\t\t\t<\/div>\n\t\t\t\t<div class=\"elementor-element elementor-element-1ba0ba1 elementor-list-item-link-full_width elementor-widget elementor-widget-icon-list\" data-id=\"1ba0ba1\" data-element_type=\"widget\" data-widget_type=\"icon-list.default\">\n\t\t\t\t\t\t\t<ul class=\"elementor-icon-list-items\">\n\t\t\t\t\t\t\t<li class=\"elementor-icon-list-item\">\n\t\t\t\t\t\t\t\t\t\t\t<span class=\"elementor-icon-list-icon\">\n\t\t\t\t\t\t\t<svg aria-hidden=\"true\" class=\"e-font-icon-svg e-fas-check\" viewbox=\"0 0 512 512\" xmlns=\"http:\/\/www.w3.org\/2000\/svg\"><path d=\"M173.898 439.404l-166.4-166.4c-9.997-9.997-9.997-26.206 0-36.204l36.203-36.204c9.997-9.998 26.207-9.998 36.204 0L192 312.69 432.095 72.596c9.997-9.997 26.207-9.997 36.204 0l36.203 36.204c9.997 9.997 9.997 26.206 0 36.204l-294.4 294.401c-9.998 9.997-26.207 9.997-36.204-.001z\"><\/path><\/svg>\t\t\t\t\t\t<\/span>\n\t\t\t\t\t\t\t\t\t\t<span class=\"elementor-icon-list-text\"> <b>Valoraci\u00f3 inicial<\/b> per con\u00e8ixer el teu punt de partida<\/span>\n\t\t\t\t\t\t\t\t\t<\/li>\n\t\t\t\t\t\t\t\t<li class=\"elementor-icon-list-item\">\n\t\t\t\t\t\t\t\t\t\t\t<span class=\"elementor-icon-list-icon\">\n\t\t\t\t\t\t\t<svg aria-hidden=\"true\" class=\"e-font-icon-svg e-fas-check\" viewbox=\"0 0 512 512\" xmlns=\"http:\/\/www.w3.org\/2000\/svg\"><path d=\"M173.898 439.404l-166.4-166.4c-9.997-9.997-9.997-26.206 0-36.204l36.203-36.204c9.997-9.998 26.207-9.998 36.204 0L192 312.69 432.095 72.596c9.997-9.997 26.207-9.997 36.204 0l36.203 36.204c9.997 9.997 9.997 26.206 0 36.204l-294.4 294.401c-9.998 9.997-26.207 9.997-36.204-.001z\"><\/path><\/svg>\t\t\t\t\t\t<\/span>\n\t\t\t\t\t\t\t\t\t\t<span class=\"elementor-icon-list-text\"><b>Programa personalitzat<\/b> segons objectius i necessitats<\/span>\n\t\t\t\t\t\t\t\t\t<\/li>\n\t\t\t\t\t\t\t\t<li class=\"elementor-icon-list-item\">\n\t\t\t\t\t\t\t\t\t\t\t<span class=\"elementor-icon-list-icon\">\n\t\t\t\t\t\t\t<svg aria-hidden=\"true\" class=\"e-font-icon-svg e-fas-check\" viewbox=\"0 0 512 512\" xmlns=\"http:\/\/www.w3.org\/2000\/svg\"><path d=\"M173.898 439.404l-166.4-166.4c-9.997-9.997-9.997-26.206 0-36.204l36.203-36.204c9.997-9.998 26.207-9.998 36.204 0L192 312.69 432.095 72.596c9.997-9.997 26.207-9.997 36.204 0l36.203 36.204c9.997 9.997 9.997 26.206 0 36.204l-294.4 294.401c-9.998 9.997-26.207 9.997-36.204-.001z\"><\/path><\/svg>\t\t\t\t\t\t<\/span>\n\t\t\t\t\t\t\t\t\t\t<span class=\"elementor-icon-list-text\"><b>Sessions guiades<\/b> amb supervisi\u00f3 constant<\/span>\n\t\t\t\t\t\t\t\t\t<\/li>\n\t\t\t\t\t\t\t\t<li class=\"elementor-icon-list-item\">\n\t\t\t\t\t\t\t\t\t\t\t<span class=\"elementor-icon-list-icon\">\n\t\t\t\t\t\t\t<svg aria-hidden=\"true\" class=\"e-font-icon-svg e-fas-check\" viewbox=\"0 0 512 512\" xmlns=\"http:\/\/www.w3.org\/2000\/svg\"><path d=\"M173.898 439.404l-166.4-166.4c-9.997-9.997-9.997-26.206 0-36.204l36.203-36.204c9.997-9.998 26.207-9.998 36.204 0L192 312.69 432.095 72.596c9.997-9.997 26.207-9.997 36.204 0l36.203 36.204c9.997 9.997 9.997 26.206 0 36.204l-294.4 294.401c-9.998 9.997-26.207 9.997-36.204-.001z\"><\/path><\/svg>\t\t\t\t\t\t<\/span>\n\t\t\t\t\t\t\t\t\t\t<span class=\"elementor-icon-list-text\"><b>Seguiment i ajustaments<\/b> per assegurar l&#039;evoluci\u00f3<\/span>\n\t\t\t\t\t\t\t\t\t<\/li>\n\t\t\t\t\t\t<\/ul>\n\t\t\t\t\t\t<\/div>\n\t\t\t\t<\/div>\n\t\t\t\t<\/div>\n\t\t<div class=\"elementor-element elementor-element-37ed24f e-con-full e-flex e-con e-child\" data-id=\"37ed24f\" data-element_type=\"container\" data-settings=\"{&quot;background_background&quot;:&quot;classic&quot;}\">\n\t\t<div class=\"elementor-element elementor-element-978e2c6 e-con-full e-flex e-con e-child\" data-id=\"978e2c6\" data-element_type=\"container\">\n\t\t\t\t<div class=\"elementor-element elementor-element-63b41b4 elementor-widget-divider--view-line elementor-widget elementor-widget-divider\" data-id=\"63b41b4\" data-element_type=\"widget\" data-widget_type=\"divider.default\">\n\t\t\t\t\t\t\t<div class=\"elementor-divider\">\n\t\t\t<span class=\"elementor-divider-separator\">\n\t\t\t\t\t\t<\/span>\n\t\t<\/div>\n\t\t\t\t\t\t<\/div>\n\t\t\t\t<div class=\"elementor-element elementor-element-8875319 elementor-widget elementor-widget-heading\" data-id=\"8875319\" data-element_type=\"widget\" data-widget_type=\"heading.default\">\n\t\t\t\t\t<h5 class=\"elementor-heading-title elementor-size-default\">\nA qui va dirigit?<\/h5>\t\t\t\t<\/div>\n\t\t\t\t<div class=\"elementor-element elementor-element-5896983 elementor-icon-list--layout-traditional elementor-list-item-link-full_width elementor-widget elementor-widget-icon-list\" data-id=\"5896983\" data-element_type=\"widget\" data-widget_type=\"icon-list.default\">\n\t\t\t\t\t\t\t<ul class=\"elementor-icon-list-items\">\n\t\t\t\t\t\t\t<li class=\"elementor-icon-list-item\">\n\t\t\t\t\t\t\t\t\t\t\t<span class=\"elementor-icon-list-icon\">\n\t\t\t\t\t\t\t<svg aria-hidden=\"true\" class=\"e-font-icon-svg e-fas-check\" viewbox=\"0 0 512 512\" xmlns=\"http:\/\/www.w3.org\/2000\/svg\"><path d=\"M173.898 439.404l-166.4-166.4c-9.997-9.997-9.997-26.206 0-36.204l36.203-36.204c9.997-9.998 26.207-9.998 36.204 0L192 312.69 432.095 72.596c9.997-9.997 26.207-9.997 36.204 0l36.203 36.204c9.997 9.997 9.997 26.206 0 36.204l-294.4 294.401c-9.998 9.997-26.207 9.997-36.204-.001z\"><\/path><\/svg>\t\t\t\t\t\t<\/span>\n\t\t\t\t\t\t\t\t\t\t<span class=\"elementor-icon-list-text\">Persones que volen comen\u00e7ar o reprendre l&#039;activitat f\u00edsica<\/span>\n\t\t\t\t\t\t\t\t\t<\/li>\n\t\t\t\t\t\t\t\t<li class=\"elementor-icon-list-item\">\n\t\t\t\t\t\t\t\t\t\t\t<span class=\"elementor-icon-list-icon\">\n\t\t\t\t\t\t\t<svg aria-hidden=\"true\" class=\"e-font-icon-svg e-fas-check\" viewbox=\"0 0 512 512\" xmlns=\"http:\/\/www.w3.org\/2000\/svg\"><path d=\"M173.898 439.404l-166.4-166.4c-9.997-9.997-9.997-26.206 0-36.204l36.203-36.204c9.997-9.998 26.207-9.998 36.204 0L192 312.69 432.095 72.596c9.997-9.997 26.207-9.997 36.204 0l36.203 36.204c9.997 9.997 9.997 26.206 0 36.204l-294.4 294.401c-9.998 9.997-26.207 9.997-36.204-.001z\"><\/path><\/svg>\t\t\t\t\t\t<\/span>\n\t\t\t\t\t\t\t\t\t\t<span class=\"elementor-icon-list-text\">Esportistes que busquen millorar el rendiment<\/span>\n\t\t\t\t\t\t\t\t\t<\/li>\n\t\t\t\t\t\t\t\t<li class=\"elementor-icon-list-item\">\n\t\t\t\t\t\t\t\t\t\t\t<span class=\"elementor-icon-list-icon\">\n\t\t\t\t\t\t\t<svg aria-hidden=\"true\" class=\"e-font-icon-svg e-fas-check\" viewbox=\"0 0 512 512\" xmlns=\"http:\/\/www.w3.org\/2000\/svg\"><path d=\"M173.898 439.404l-166.4-166.4c-9.997-9.997-9.997-26.206 0-36.204l36.203-36.204c9.997-9.998 26.207-9.998 36.204 0L192 312.69 432.095 72.596c9.997-9.997 26.207-9.997 36.204 0l36.203 36.204c9.997 9.997 9.997 26.206 0 36.204l-294.4 294.401c-9.998 9.997-26.207 9.997-36.204-.001z\"><\/path><\/svg>\t\t\t\t\t\t<\/span>\n\t\t\t\t\t\t\t\t\t\t<span class=\"elementor-icon-list-text\">Persones amb antecedents de lesi\u00f3 o dolor<\/span>\n\t\t\t\t\t\t\t\t\t<\/li>\n\t\t\t\t\t\t\t\t<li class=\"elementor-icon-list-item\">\n\t\t\t\t\t\t\t\t\t\t\t<span class=\"elementor-icon-list-icon\">\n\t\t\t\t\t\t\t<svg aria-hidden=\"true\" class=\"e-font-icon-svg e-fas-check\" viewbox=\"0 0 512 512\" xmlns=\"http:\/\/www.w3.org\/2000\/svg\"><path d=\"M173.898 439.404l-166.4-166.4c-9.997-9.997-9.997-26.206 0-36.204l36.203-36.204c9.997-9.998 26.207-9.998 36.204 0L192 312.69 432.095 72.596c9.997-9.997 26.207-9.997 36.204 0l36.203 36.204c9.997 9.997 9.997 26.206 0 36.204l-294.4 294.401c-9.998 9.997-26.207 9.997-36.204-.001z\"><\/path><\/svg>\t\t\t\t\t\t<\/span>\n\t\t\t\t\t\t\t\t\t\t<span class=\"elementor-icon-list-text\">Adults que volen guanyar salut i qualitat de vida<\/span>\n\t\t\t\t\t\t\t\t\t<\/li>\n\t\t\t\t\t\t<\/ul>\n\t\t\t\t\t\t<\/div>\n\t\t\t\t<\/div>\n\t\t\t\t<\/div>\n\t\t<div class=\"elementor-element elementor-element-49f175c e-con-full e-flex e-con e-child\" data-id=\"49f175c\" data-element_type=\"container\" data-settings=\"{&quot;background_background&quot;:&quot;classic&quot;}\">\n\t\t<div class=\"elementor-element elementor-element-7987b92 e-con-full e-flex e-con e-child\" data-id=\"7987b92\" data-element_type=\"container\">\n\t\t\t\t<div class=\"elementor-element elementor-element-905f564 elementor-widget elementor-widget-icon-box\" data-id=\"905f564\" data-element_type=\"widget\" data-widget_type=\"icon-box.default\">\n\t\t\t\t\t\t\t<div class=\"elementor-icon-box-wrapper\">\n\n\t\t\t\n\t\t\t\t\t\t<div class=\"elementor-icon-box-content\">\n\n\t\t\t\t\t\t\t\t\t<h5 class=\"elementor-icon-box-title\">\n\t\t\t\t\t\t<span  >\n\t\t\t\t\t\t\t Entrena amb nosaltres\t\t\t\t\t\t<\/span>\n\t\t\t\t\t<\/h5>\n\t\t\t\t\n\t\t\t\t\t\t\t\t\t<p class=\"elementor-icon-box-description\">\n\t\t\t\t\t\tT&#039;ajudem a entrenar-me millor, amb criteri, seguretat i continu\u00eftat.\n<br><br>Contacta amb nosaltres i comencem.\t\t\t\t\t<\/p>\n\t\t\t\t\n\t\t\t<\/div>\n\t\t\t\n\t\t<\/div>\n\t\t\t\t\t\t<\/div>\n\t\t\t\t<div class=\"elementor-element elementor-element-44bfa33 elementor-widget elementor-widget-button\" data-id=\"44bfa33\" data-element_type=\"widget\" data-widget_type=\"button.default\">\n\t\t\t\t\t\t\t\t\t\t<a class=\"elementor-button elementor-button-link elementor-size-sm\" href=\"https:\/\/conesaespaisalut.com\/ca\/contacto\/\">\n\t\t\t\t\t\t<span class=\"elementor-button-content-wrapper\">\n\t\t\t\t\t\t\t\t\t<span class=\"elementor-button-text\">Contacte<\/span>\n\t\t\t\t\t<\/span>\n\t\t\t\t\t<\/a>\n\t\t\t\t\t\t\t\t<\/div>\n\t\t\t\t<\/div>\n\t\t\t\t<\/div>\n\t\t\t\t<\/div>\n\t\t\t\t\t<\/div>\n\t\t\t\t<\/div>\n\t\t\t\t<\/div>","protected":false},"excerpt":{"rendered":"<p>El entrenamiento personal est\u00e1 pensado para personas que quieren mejorar su condici\u00f3n f\u00edsica, prevenir lesiones o recuperarse de una molestia con un programa adaptado y supervisado. Entrena con seguridad, mejora tu rendimiento y gana salud El entrenamiento personal est\u00e1 pensado para personas que quieren mejorar su condici\u00f3n f\u00edsica, prevenir lesiones o recuperarse de una molestia [&hellip;]<\/p>","protected":false},"author":2,"featured_media":0,"parent":0,"menu_order":0,"comment_status":"closed","ping_status":"closed","template":"elementor_header_footer","meta":{"footnotes":""},"class_list":["post-753","page","type-page","status-publish","hentry"],"yoast_head":"<!-- This site is optimized with the Yoast SEO plugin v26.4 - https:\/\/yoast.com\/wordpress\/plugins\/seo\/ -->\n<title>Entrenamiento personal - conesaespaisalut.com<\/title>\n<meta name=\"robots\" content=\"index, follow, max-snippet:-1, max-image-preview:large, max-video-preview:-1\" \/>\n<link rel=\"canonical\" href=\"https:\/\/conesaespaisalut.com\/ca\/entrenamiento-personal\/\" \/>\n<meta property=\"og:locale\" content=\"ca_ES\" \/>\n<meta property=\"og:type\" content=\"article\" \/>\n<meta property=\"og:title\" content=\"Entrenamiento personal - conesaespaisalut.com\" \/>\n<meta property=\"og:description\" content=\"El entrenamiento personal est\u00e1 pensado para personas que quieren mejorar su condici\u00f3n f\u00edsica, prevenir lesiones o recuperarse de una molestia con un programa adaptado y supervisado. Entrena con seguridad, mejora tu rendimiento y gana salud El entrenamiento personal est\u00e1 pensado para personas que quieren mejorar su condici\u00f3n f\u00edsica, prevenir lesiones o recuperarse de una molestia [&hellip;]\" \/>\n<meta property=\"og:url\" content=\"https:\/\/conesaespaisalut.com\/ca\/entrenamiento-personal\/\" \/>\n<meta property=\"og:site_name\" content=\"conesaespaisalut.com\" \/>\n<meta property=\"article:modified_time\" content=\"2025-12-18T08:44:07+00:00\" \/>\n<meta name=\"twitter:card\" content=\"summary_large_image\" \/>\n<script type=\"application\/ld+json\" class=\"yoast-schema-graph\">{\"@context\":\"https:\/\/schema.org\",\"@graph\":[{\"@type\":\"WebPage\",\"@id\":\"https:\/\/conesaespaisalut.com\/entrenamiento-personal\/\",\"url\":\"https:\/\/conesaespaisalut.com\/entrenamiento-personal\/\",\"name\":\"Entrenamiento personal - conesaespaisalut.com\",\"isPartOf\":{\"@id\":\"https:\/\/conesaespaisalut.com\/#website\"},\"datePublished\":\"2025-12-16T15:04:53+00:00\",\"dateModified\":\"2025-12-18T08:44:07+00:00\",\"breadcrumb\":{\"@id\":\"https:\/\/conesaespaisalut.com\/entrenamiento-personal\/#breadcrumb\"},\"inLanguage\":\"ca\",\"potentialAction\":[{\"@type\":\"ReadAction\",\"target\":[\"https:\/\/conesaespaisalut.com\/entrenamiento-personal\/\"]}]},{\"@type\":\"BreadcrumbList\",\"@id\":\"https:\/\/conesaespaisalut.com\/entrenamiento-personal\/#breadcrumb\",\"itemListElement\":[{\"@type\":\"ListItem\",\"position\":1,\"name\":\"Home\",\"item\":\"https:\/\/conesaespaisalut.com\/\"},{\"@type\":\"ListItem\",\"position\":2,\"name\":\"Entrenamiento personal\"}]},{\"@type\":\"WebSite\",\"@id\":\"https:\/\/conesaespaisalut.com\/#website\",\"url\":\"https:\/\/conesaespaisalut.com\/\",\"name\":\"conesaespaisalut.com\",\"description\":\"\",\"publisher\":{\"@id\":\"https:\/\/conesaespaisalut.com\/#organization\"},\"potentialAction\":[{\"@type\":\"SearchAction\",\"target\":{\"@type\":\"EntryPoint\",\"urlTemplate\":\"https:\/\/conesaespaisalut.com\/?s={search_term_string}\"},\"query-input\":{\"@type\":\"PropertyValueSpecification\",\"valueRequired\":true,\"valueName\":\"search_term_string\"}}],\"inLanguage\":\"ca\"},{\"@type\":\"Organization\",\"@id\":\"https:\/\/conesaespaisalut.com\/#organization\",\"name\":\"conesaespaisalut.com\",\"url\":\"https:\/\/conesaespaisalut.com\/\",\"logo\":{\"@type\":\"ImageObject\",\"inLanguage\":\"ca\",\"@id\":\"https:\/\/conesaespaisalut.com\/#\/schema\/logo\/image\/\",\"url\":\"https:\/\/conesaespaisalut.com\/wp-content\/uploads\/2025\/11\/grayscale_transparent_nobuffer.png\",\"contentUrl\":\"https:\/\/conesaespaisalut.com\/wp-content\/uploads\/2025\/11\/grayscale_transparent_nobuffer.png\",\"width\":1280,\"height\":609,\"caption\":\"conesaespaisalut.com\"},\"image\":{\"@id\":\"https:\/\/conesaespaisalut.com\/#\/schema\/logo\/image\/\"}}]}<\/script>\n<!-- \/ Yoast SEO plugin. -->","yoast_head_json":{"title":"Entrenamiento personal - conesaespaisalut.com","robots":{"index":"index","follow":"follow","max-snippet":"max-snippet:-1","max-image-preview":"max-image-preview:large","max-video-preview":"max-video-preview:-1"},"canonical":"https:\/\/conesaespaisalut.com\/ca\/entrenamiento-personal\/","og_locale":"ca_ES","og_type":"article","og_title":"Entrenamiento personal - conesaespaisalut.com","og_description":"El entrenamiento personal est\u00e1 pensado para personas que quieren mejorar su condici\u00f3n f\u00edsica, prevenir lesiones o recuperarse de una molestia con un programa adaptado y supervisado. Entrena con seguridad, mejora tu rendimiento y gana salud El entrenamiento personal est\u00e1 pensado para personas que quieren mejorar su condici\u00f3n f\u00edsica, prevenir lesiones o recuperarse de una molestia [&hellip;]","og_url":"https:\/\/conesaespaisalut.com\/ca\/entrenamiento-personal\/","og_site_name":"conesaespaisalut.com","article_modified_time":"2025-12-18T08:44:07+00:00","twitter_card":"summary_large_image","schema":{"@context":"https:\/\/schema.org","@graph":[{"@type":"WebPage","@id":"https:\/\/conesaespaisalut.com\/entrenamiento-personal\/","url":"https:\/\/conesaespaisalut.com\/entrenamiento-personal\/","name":"Entrenamiento personal - conesaespaisalut.com","isPartOf":{"@id":"https:\/\/conesaespaisalut.com\/#website"},"datePublished":"2025-12-16T15:04:53+00:00","dateModified":"2025-12-18T08:44:07+00:00","breadcrumb":{"@id":"https:\/\/conesaespaisalut.com\/entrenamiento-personal\/#breadcrumb"},"inLanguage":"ca","potentialAction":[{"@type":"ReadAction","target":["https:\/\/conesaespaisalut.com\/entrenamiento-personal\/"]}]},{"@type":"BreadcrumbList","@id":"https:\/\/conesaespaisalut.com\/entrenamiento-personal\/#breadcrumb","itemListElement":[{"@type":"ListItem","position":1,"name":"Home","item":"https:\/\/conesaespaisalut.com\/"},{"@type":"ListItem","position":2,"name":"Entrenamiento personal"}]},{"@type":"WebSite","@id":"https:\/\/conesaespaisalut.com\/#website","url":"https:\/\/conesaespaisalut.com\/","name":"conesaespaisalut.com","description":"","publisher":{"@id":"https:\/\/conesaespaisalut.com\/#organization"},"potentialAction":[{"@type":"SearchAction","target":{"@type":"EntryPoint","urlTemplate":"https:\/\/conesaespaisalut.com\/?s={search_term_string}"},"query-input":{"@type":"PropertyValueSpecification","valueRequired":true,"valueName":"search_term_string"}}],"inLanguage":"ca"},{"@type":"Organization","@id":"https:\/\/conesaespaisalut.com\/#organization","name":"conesaespaisalut.com","url":"https:\/\/conesaespaisalut.com\/","logo":{"@type":"ImageObject","inLanguage":"ca","@id":"https:\/\/conesaespaisalut.com\/#\/schema\/logo\/image\/","url":"https:\/\/conesaespaisalut.com\/wp-content\/uploads\/2025\/11\/grayscale_transparent_nobuffer.png","contentUrl":"https:\/\/conesaespaisalut.com\/wp-content\/uploads\/2025\/11\/grayscale_transparent_nobuffer.png","width":1280,"height":609,"caption":"conesaespaisalut.com"},"image":{"@id":"https:\/\/conesaespaisalut.com\/#\/schema\/logo\/image\/"}}]}},"_links":{"self":[{"href":"https:\/\/conesaespaisalut.com\/ca\/wp-json\/wp\/v2\/pages\/753","targetHints":{"allow":["GET"]}}],"collection":[{"href":"https:\/\/conesaespaisalut.com\/ca\/wp-json\/wp\/v2\/pages"}],"about":[{"href":"https:\/\/conesaespaisalut.com\/ca\/wp-json\/wp\/v2\/types\/page"}],"author":[{"embeddable":true,"href":"https:\/\/conesaespaisalut.com\/ca\/wp-json\/wp\/v2\/users\/2"}],"replies":[{"embeddable":true,"href":"https:\/\/conesaespaisalut.com\/ca\/wp-json\/wp\/v2\/comments?post=753"}],"version-history":[{"count":19,"href":"https:\/\/conesaespaisalut.com\/ca\/wp-json\/wp\/v2\/pages\/753\/revisions"}],"predecessor-version":[{"id":804,"href":"https:\/\/conesaespaisalut.com\/ca\/wp-json\/wp\/v2\/pages\/753\/revisions\/804"}],"wp:attachment":[{"href":"https:\/\/conesaespaisalut.com\/ca\/wp-json\/wp\/v2\/media?parent=753"}],"curies":[{"name":"wp","href":"https:\/\/api.w.org\/{rel}","templated":true}]}}