{"id":98,"date":"2025-11-14T15:39:14","date_gmt":"2025-11-14T15:39:14","guid":{"rendered":"https:\/\/conesaespaisalut.com\/?page_id=98"},"modified":"2025-12-09T15:12:11","modified_gmt":"2025-12-09T15:12:11","slug":"valores","status":"publish","type":"page","link":"https:\/\/conesaespaisalut.com\/ca\/valores\/","title":{"rendered":"Valors"},"content":{"rendered":"<div data-elementor-type=\"wp-page\" data-elementor-id=\"98\" class=\"elementor elementor-98\" data-elementor-post-type=\"page\">\n\t\t\t\t<div class=\"elementor-element elementor-element-2ec14028 e-flex e-con-boxed e-con e-parent\" data-id=\"2ec14028\" data-element_type=\"container\" data-settings=\"{&quot;background_background&quot;:&quot;classic&quot;}\">\n\t\t\t\t\t<div class=\"e-con-inner\">\n\t\t\t\t\t<\/div>\n\t\t\t\t<\/div>\n\t\t<div class=\"elementor-element elementor-element-46c0013 e-flex e-con-boxed e-con e-parent\" data-id=\"46c0013\" data-element_type=\"container\">\n\t\t\t\t\t<div class=\"e-con-inner\">\n\t\t<div class=\"elementor-element elementor-element-0792616 e-grid e-con-full e-con e-child\" data-id=\"0792616\" data-element_type=\"container\">\n\t\t<div class=\"elementor-element elementor-element-3a77d37 e-con-full e-flex e-con e-child\" data-id=\"3a77d37\" data-element_type=\"container\" data-settings=\"{&quot;background_background&quot;:&quot;classic&quot;}\">\n\t\t<div class=\"elementor-element elementor-element-3d983b6 e-con-full e-flex e-con e-child\" data-id=\"3d983b6\" data-element_type=\"container\">\n\t\t\t\t<div class=\"elementor-element elementor-element-ae06815 elementor-widget elementor-widget-heading\" data-id=\"ae06815\" data-element_type=\"widget\" data-widget_type=\"heading.default\">\n\t\t\t\t\t<span class=\"elementor-heading-title elementor-size-default\">E<\/span>\t\t\t\t<\/div>\n\t\t\t\t<\/div>\n\t\t<div class=\"elementor-element elementor-element-fe25bcd e-con-full e-flex e-con e-child\" data-id=\"fe25bcd\" data-element_type=\"container\">\n\t\t\t\t<div class=\"elementor-element elementor-element-9c2c072 elementor-vertical-align-middle elementor-widget elementor-widget-image-box\" data-id=\"9c2c072\" data-element_type=\"widget\" data-widget_type=\"image-box.default\">\n\t\t\t\t\t<div class=\"elementor-image-box-wrapper\"><div class=\"elementor-image-box-content\"><h3 class=\"elementor-image-box-title\">Entusiasme<\/h3><p class=\"elementor-image-box-description\">Ens motiva acompanyar cada pacient amb energia positiva, creant un entorn proper que afavoreix la recuperaci\u00f3, la motivaci\u00f3 i el benestar a cada etapa del proc\u00e9s.<\/p><\/div><\/div>\t\t\t\t<\/div>\n\t\t\t\t<\/div>\n\t\t\t\t<\/div>\n\t\t<div class=\"elementor-element elementor-element-8ebc00f e-con-full e-flex e-con e-child\" data-id=\"8ebc00f\" data-element_type=\"container\" data-settings=\"{&quot;background_background&quot;:&quot;classic&quot;}\">\n\t\t<div class=\"elementor-element elementor-element-8190a91 e-con-full e-flex e-con e-child\" data-id=\"8190a91\" data-element_type=\"container\">\n\t\t\t\t<div class=\"elementor-element elementor-element-5b3feaa elementor-widget elementor-widget-heading\" data-id=\"5b3feaa\" data-element_type=\"widget\" data-widget_type=\"heading.default\">\n\t\t\t\t\t<span class=\"elementor-heading-title elementor-size-default\">M<\/span>\t\t\t\t<\/div>\n\t\t\t\t<\/div>\n\t\t<div class=\"elementor-element elementor-element-ad7b80e e-con-full e-flex e-con e-child\" data-id=\"ad7b80e\" data-element_type=\"container\">\n\t\t\t\t<div class=\"elementor-element elementor-element-f7d9d80 elementor-vertical-align-middle elementor-widget elementor-widget-image-box\" data-id=\"f7d9d80\" data-element_type=\"widget\" data-widget_type=\"image-box.default\">\n\t\t\t\t\t<div class=\"elementor-image-box-wrapper\"><div class=\"elementor-image-box-content\"><h3 class=\"elementor-image-box-title\">Millora cont\u00ednua (Innovaci\u00f3)<\/h3><p class=\"elementor-image-box-description\">Conesa Espai de Salut, entenem la innovaci\u00f3 com una actitud constant de millora. Apostem per la formaci\u00f3 especialitzada, la incorporaci\u00f3 de noves eines i l&#039;aplicaci\u00f3 de tecnologies avan\u00e7ades que potencien els resultats terap\u00e8utics.<\/p><\/div><\/div>\t\t\t\t<\/div>\n\t\t\t\t<\/div>\n\t\t\t\t<\/div>\n\t\t<div class=\"elementor-element elementor-element-075f05f e-con-full e-flex e-con e-child\" data-id=\"075f05f\" data-element_type=\"container\" data-settings=\"{&quot;background_background&quot;:&quot;classic&quot;}\">\n\t\t<div class=\"elementor-element elementor-element-519ac9b e-con-full e-flex e-con e-child\" data-id=\"519ac9b\" data-element_type=\"container\">\n\t\t\t\t<div class=\"elementor-element elementor-element-2509b0e elementor-widget elementor-widget-heading\" data-id=\"2509b0e\" data-element_type=\"widget\" data-widget_type=\"heading.default\">\n\t\t\t\t\t<span class=\"elementor-heading-title elementor-size-default\">P<\/span>\t\t\t\t<\/div>\n\t\t\t\t<\/div>\n\t\t<div class=\"elementor-element elementor-element-b9ccab9 e-con-full e-flex e-con e-child\" data-id=\"b9ccab9\" data-element_type=\"container\">\n\t\t\t\t<div class=\"elementor-element elementor-element-2935736 elementor-vertical-align-middle elementor-widget elementor-widget-image-box\" data-id=\"2935736\" data-element_type=\"widget\" data-widget_type=\"image-box.default\">\n\t\t\t\t\t<div class=\"elementor-image-box-wrapper\"><div class=\"elementor-image-box-content\"><h3 class=\"elementor-image-box-title\">Passi\u00f3<\/h3><p class=\"elementor-image-box-description\">La nostra passi\u00f3 per la salut i el benestar ens impulsa a oferir una cura excepcional, compromesos sempre amb millorar la qualitat de vida de les persones que confien en nosaltres.\n<\/p><\/div><\/div>\t\t\t\t<\/div>\n\t\t\t\t<\/div>\n\t\t\t\t<\/div>\n\t\t<div class=\"elementor-element elementor-element-ee98f86 e-con-full e-flex e-con e-child\" data-id=\"ee98f86\" data-element_type=\"container\" data-settings=\"{&quot;background_background&quot;:&quot;classic&quot;}\">\n\t\t<div class=\"elementor-element elementor-element-78f4faf e-con-full e-flex e-con e-child\" data-id=\"78f4faf\" data-element_type=\"container\">\n\t\t\t\t<div class=\"elementor-element elementor-element-028b731 elementor-widget elementor-widget-heading\" data-id=\"028b731\" data-element_type=\"widget\" data-widget_type=\"heading.default\">\n\t\t\t\t\t<span class=\"elementor-heading-title elementor-size-default\">A<\/span>\t\t\t\t<\/div>\n\t\t\t\t<\/div>\n\t\t<div class=\"elementor-element elementor-element-6818d62 e-con-full e-flex e-con e-child\" data-id=\"6818d62\" data-element_type=\"container\">\n\t\t\t\t<div class=\"elementor-element elementor-element-a8b68b8 elementor-vertical-align-middle elementor-widget elementor-widget-image-box\" data-id=\"a8b68b8\" data-element_type=\"widget\" data-widget_type=\"image-box.default\">\n\t\t\t\t\t<div class=\"elementor-image-box-wrapper\"><div class=\"elementor-image-box-content\"><h3 class=\"elementor-image-box-title\">Autenticitat (Confian\u00e7a)<\/h3><p class=\"elementor-image-box-description\">Creiem en la import\u00e0ncia de construir relacions basades en la confian\u00e7a, l&#039;honestedat i el respecte. Volem que cada persona se senti c\u00f2moda, compresa i segura durant el tractament.<\/p><\/div><\/div>\t\t\t\t<\/div>\n\t\t\t\t<\/div>\n\t\t\t\t<\/div>\n\t\t<div class=\"elementor-element elementor-element-3fb683f e-con-full e-flex e-con e-child\" data-id=\"3fb683f\" data-element_type=\"container\" data-settings=\"{&quot;background_background&quot;:&quot;classic&quot;}\">\n\t\t<div class=\"elementor-element elementor-element-76f1054 e-con-full e-flex e-con e-child\" data-id=\"76f1054\" data-element_type=\"container\">\n\t\t\t\t<div class=\"elementor-element elementor-element-9f20d5a elementor-widget elementor-widget-heading\" data-id=\"9f20d5a\" data-element_type=\"widget\" data-widget_type=\"heading.default\">\n\t\t\t\t\t<span class=\"elementor-heading-title elementor-size-default\">T<\/span>\t\t\t\t<\/div>\n\t\t\t\t<\/div>\n\t\t<div class=\"elementor-element elementor-element-72cf2b3 e-con-full e-flex e-con e-child\" data-id=\"72cf2b3\" data-element_type=\"container\">\n\t\t\t\t<div class=\"elementor-element elementor-element-09e849c elementor-vertical-align-middle elementor-widget elementor-widget-image-box\" data-id=\"09e849c\" data-element_type=\"widget\" data-widget_type=\"image-box.default\">\n\t\t\t\t\t<div class=\"elementor-image-box-wrapper\"><div class=\"elementor-image-box-content\"><h3 class=\"elementor-image-box-title\">Treball professional<\/h3><p class=\"elementor-image-box-description\">El professionalisme guia cadascuna de les nostres accions. Treballem amb rigor, coneixement actualitzat i comprom\u00eds, cercant sempre els millors resultats per a cada pacient.<\/p><\/div><\/div>\t\t\t\t<\/div>\n\t\t\t\t<\/div>\n\t\t\t\t<\/div>\n\t\t<div class=\"elementor-element elementor-element-4b8a0d5 e-con-full e-flex e-con e-child\" data-id=\"4b8a0d5\" data-element_type=\"container\" data-settings=\"{&quot;background_background&quot;:&quot;classic&quot;}\">\n\t\t<div class=\"elementor-element elementor-element-d8fe896 e-con-full e-flex e-con e-child\" data-id=\"d8fe896\" data-element_type=\"container\">\n\t\t\t\t<div class=\"elementor-element elementor-element-4679bfa elementor-widget elementor-widget-heading\" data-id=\"4679bfa\" data-element_type=\"widget\" data-widget_type=\"heading.default\">\n\t\t\t\t\t<span class=\"elementor-heading-title elementor-size-default\">I<\/span>\t\t\t\t<\/div>\n\t\t\t\t<\/div>\n\t\t<div class=\"elementor-element elementor-element-090ad32 e-con-full e-flex e-con e-child\" data-id=\"090ad32\" data-element_type=\"container\">\n\t\t\t\t<div class=\"elementor-element elementor-element-6cc8464 elementor-vertical-align-middle elementor-widget elementor-widget-image-box\" data-id=\"6cc8464\" data-element_type=\"widget\" data-widget_type=\"image-box.default\">\n\t\t\t\t\t<div class=\"elementor-image-box-wrapper\"><div class=\"elementor-image-box-content\"><h3 class=\"elementor-image-box-title\">Inspiraci\u00f3<\/h3><p class=\"elementor-image-box-description\">Inspirem les persones a tenir cura de la seva salut ia tenir un paper actiu en la recuperaci\u00f3. Ens mou la idea que cada pas cap al benestar compta.\n<\/p><\/div><\/div>\t\t\t\t<\/div>\n\t\t\t\t<\/div>\n\t\t\t\t<\/div>\n\t\t<div class=\"elementor-element elementor-element-6bce295 e-con-full e-flex e-con e-child\" data-id=\"6bce295\" data-element_type=\"container\" data-settings=\"{&quot;background_background&quot;:&quot;classic&quot;}\">\n\t\t<div class=\"elementor-element elementor-element-57f4565 e-con-full e-flex e-con e-child\" data-id=\"57f4565\" data-element_type=\"container\">\n\t\t\t\t<div class=\"elementor-element elementor-element-06ed147 elementor-widget elementor-widget-heading\" data-id=\"06ed147\" data-element_type=\"widget\" data-widget_type=\"heading.default\">\n\t\t\t\t\t<span class=\"elementor-heading-title elementor-size-default\">A<\/span>\t\t\t\t<\/div>\n\t\t\t\t<\/div>\n\t\t<div class=\"elementor-element elementor-element-69f2d47 e-con-full e-flex e-con e-child\" data-id=\"69f2d47\" data-element_type=\"container\">\n\t\t\t\t<div class=\"elementor-element elementor-element-0cf5c2c elementor-vertical-align-middle elementor-widget elementor-widget-image-box\" data-id=\"0cf5c2c\" data-element_type=\"widget\" data-widget_type=\"image-box.default\">\n\t\t\t\t\t<div class=\"elementor-image-box-wrapper\"><div class=\"elementor-image-box-content\"><h3 class=\"elementor-image-box-title\">Acompanyament<\/h3><p class=\"elementor-image-box-description\">L&#039;empatia i l&#039;escolta s\u00f3n la base de la nostra feina. Acompanyem cada persona des de la comprensi\u00f3 i el respecte, adaptant cada proc\u00e9s a les vostres necessitats i ritme.<\/p><\/div><\/div>\t\t\t\t<\/div>\n\t\t\t\t<\/div>\n\t\t\t\t<\/div>\n\t\t\t\t<\/div>\n\t\t\t\t\t<\/div>\n\t\t\t\t<\/div>\n\t\t\t\t<\/div>","protected":false},"excerpt":{"rendered":"<p>E Entusiasmo Nos motiva acompa\u00f1ar a cada paciente con energ\u00eda positiva, creando un entorno cercano que favorece la recuperaci\u00f3n, la motivaci\u00f3n y el bienestar en cada etapa del proceso. M Mejora continua (Innovaci\u00f3n) Conesa Espai de Salut, entendemos la innovaci\u00f3n como una actitud constante de mejora. Apostamos por la formaci\u00f3n especializada, la incorporaci\u00f3n de nuevas [&hellip;]<\/p>","protected":false},"author":2,"featured_media":0,"parent":0,"menu_order":0,"comment_status":"closed","ping_status":"closed","template":"","meta":{"footnotes":""},"class_list":["post-98","page","type-page","status-publish","hentry"],"yoast_head":"<!-- This site is optimized with the Yoast SEO plugin v26.4 - https:\/\/yoast.com\/wordpress\/plugins\/seo\/ -->\n<title>Valores - conesaespaisalut.com<\/title>\n<meta name=\"robots\" content=\"index, follow, max-snippet:-1, max-image-preview:large, max-video-preview:-1\" \/>\n<link rel=\"canonical\" href=\"https:\/\/conesaespaisalut.com\/ca\/valores\/\" \/>\n<meta property=\"og:locale\" content=\"ca_ES\" \/>\n<meta property=\"og:type\" content=\"article\" \/>\n<meta property=\"og:title\" content=\"Valores - conesaespaisalut.com\" \/>\n<meta property=\"og:description\" content=\"E Entusiasmo Nos motiva acompa\u00f1ar a cada paciente con energ\u00eda positiva, creando un entorno cercano que favorece la recuperaci\u00f3n, la motivaci\u00f3n y el bienestar en cada etapa del proceso. M Mejora continua (Innovaci\u00f3n) Conesa Espai de Salut, entendemos la innovaci\u00f3n como una actitud constante de mejora. Apostamos por la formaci\u00f3n especializada, la incorporaci\u00f3n de nuevas [&hellip;]\" \/>\n<meta property=\"og:url\" content=\"https:\/\/conesaespaisalut.com\/ca\/valores\/\" \/>\n<meta property=\"og:site_name\" content=\"conesaespaisalut.com\" \/>\n<meta property=\"article:modified_time\" content=\"2025-12-09T15:12:11+00:00\" \/>\n<meta name=\"twitter:card\" content=\"summary_large_image\" \/>\n<script type=\"application\/ld+json\" class=\"yoast-schema-graph\">{\"@context\":\"https:\/\/schema.org\",\"@graph\":[{\"@type\":\"WebPage\",\"@id\":\"https:\/\/conesaespaisalut.com\/valores\/\",\"url\":\"https:\/\/conesaespaisalut.com\/valores\/\",\"name\":\"Valores - conesaespaisalut.com\",\"isPartOf\":{\"@id\":\"https:\/\/conesaespaisalut.com\/#website\"},\"datePublished\":\"2025-11-14T15:39:14+00:00\",\"dateModified\":\"2025-12-09T15:12:11+00:00\",\"breadcrumb\":{\"@id\":\"https:\/\/conesaespaisalut.com\/valores\/#breadcrumb\"},\"inLanguage\":\"ca\",\"potentialAction\":[{\"@type\":\"ReadAction\",\"target\":[\"https:\/\/conesaespaisalut.com\/valores\/\"]}]},{\"@type\":\"BreadcrumbList\",\"@id\":\"https:\/\/conesaespaisalut.com\/valores\/#breadcrumb\",\"itemListElement\":[{\"@type\":\"ListItem\",\"position\":1,\"name\":\"Home\",\"item\":\"https:\/\/conesaespaisalut.com\/\"},{\"@type\":\"ListItem\",\"position\":2,\"name\":\"Valores\"}]},{\"@type\":\"WebSite\",\"@id\":\"https:\/\/conesaespaisalut.com\/#website\",\"url\":\"https:\/\/conesaespaisalut.com\/\",\"name\":\"conesaespaisalut.com\",\"description\":\"\",\"publisher\":{\"@id\":\"https:\/\/conesaespaisalut.com\/#organization\"},\"potentialAction\":[{\"@type\":\"SearchAction\",\"target\":{\"@type\":\"EntryPoint\",\"urlTemplate\":\"https:\/\/conesaespaisalut.com\/?s={search_term_string}\"},\"query-input\":{\"@type\":\"PropertyValueSpecification\",\"valueRequired\":true,\"valueName\":\"search_term_string\"}}],\"inLanguage\":\"ca\"},{\"@type\":\"Organization\",\"@id\":\"https:\/\/conesaespaisalut.com\/#organization\",\"name\":\"conesaespaisalut.com\",\"url\":\"https:\/\/conesaespaisalut.com\/\",\"logo\":{\"@type\":\"ImageObject\",\"inLanguage\":\"ca\",\"@id\":\"https:\/\/conesaespaisalut.com\/#\/schema\/logo\/image\/\",\"url\":\"https:\/\/conesaespaisalut.com\/wp-content\/uploads\/2025\/11\/grayscale_transparent_nobuffer.png\",\"contentUrl\":\"https:\/\/conesaespaisalut.com\/wp-content\/uploads\/2025\/11\/grayscale_transparent_nobuffer.png\",\"width\":1280,\"height\":609,\"caption\":\"conesaespaisalut.com\"},\"image\":{\"@id\":\"https:\/\/conesaespaisalut.com\/#\/schema\/logo\/image\/\"}}]}<\/script>\n<!-- \/ Yoast SEO plugin. -->","yoast_head_json":{"title":"Valores - conesaespaisalut.com","robots":{"index":"index","follow":"follow","max-snippet":"max-snippet:-1","max-image-preview":"max-image-preview:large","max-video-preview":"max-video-preview:-1"},"canonical":"https:\/\/conesaespaisalut.com\/ca\/valores\/","og_locale":"ca_ES","og_type":"article","og_title":"Valores - conesaespaisalut.com","og_description":"E Entusiasmo Nos motiva acompa\u00f1ar a cada paciente con energ\u00eda positiva, creando un entorno cercano que favorece la recuperaci\u00f3n, la motivaci\u00f3n y el bienestar en cada etapa del proceso. M Mejora continua (Innovaci\u00f3n) Conesa Espai de Salut, entendemos la innovaci\u00f3n como una actitud constante de mejora. Apostamos por la formaci\u00f3n especializada, la incorporaci\u00f3n de nuevas [&hellip;]","og_url":"https:\/\/conesaespaisalut.com\/ca\/valores\/","og_site_name":"conesaespaisalut.com","article_modified_time":"2025-12-09T15:12:11+00:00","twitter_card":"summary_large_image","schema":{"@context":"https:\/\/schema.org","@graph":[{"@type":"WebPage","@id":"https:\/\/conesaespaisalut.com\/valores\/","url":"https:\/\/conesaespaisalut.com\/valores\/","name":"Valores - conesaespaisalut.com","isPartOf":{"@id":"https:\/\/conesaespaisalut.com\/#website"},"datePublished":"2025-11-14T15:39:14+00:00","dateModified":"2025-12-09T15:12:11+00:00","breadcrumb":{"@id":"https:\/\/conesaespaisalut.com\/valores\/#breadcrumb"},"inLanguage":"ca","potentialAction":[{"@type":"ReadAction","target":["https:\/\/conesaespaisalut.com\/valores\/"]}]},{"@type":"BreadcrumbList","@id":"https:\/\/conesaespaisalut.com\/valores\/#breadcrumb","itemListElement":[{"@type":"ListItem","position":1,"name":"Home","item":"https:\/\/conesaespaisalut.com\/"},{"@type":"ListItem","position":2,"name":"Valores"}]},{"@type":"WebSite","@id":"https:\/\/conesaespaisalut.com\/#website","url":"https:\/\/conesaespaisalut.com\/","name":"conesaespaisalut.com","description":"","publisher":{"@id":"https:\/\/conesaespaisalut.com\/#organization"},"potentialAction":[{"@type":"SearchAction","target":{"@type":"EntryPoint","urlTemplate":"https:\/\/conesaespaisalut.com\/?s={search_term_string}"},"query-input":{"@type":"PropertyValueSpecification","valueRequired":true,"valueName":"search_term_string"}}],"inLanguage":"ca"},{"@type":"Organization","@id":"https:\/\/conesaespaisalut.com\/#organization","name":"conesaespaisalut.com","url":"https:\/\/conesaespaisalut.com\/","logo":{"@type":"ImageObject","inLanguage":"ca","@id":"https:\/\/conesaespaisalut.com\/#\/schema\/logo\/image\/","url":"https:\/\/conesaespaisalut.com\/wp-content\/uploads\/2025\/11\/grayscale_transparent_nobuffer.png","contentUrl":"https:\/\/conesaespaisalut.com\/wp-content\/uploads\/2025\/11\/grayscale_transparent_nobuffer.png","width":1280,"height":609,"caption":"conesaespaisalut.com"},"image":{"@id":"https:\/\/conesaespaisalut.com\/#\/schema\/logo\/image\/"}}]}},"_links":{"self":[{"href":"https:\/\/conesaespaisalut.com\/ca\/wp-json\/wp\/v2\/pages\/98","targetHints":{"allow":["GET"]}}],"collection":[{"href":"https:\/\/conesaespaisalut.com\/ca\/wp-json\/wp\/v2\/pages"}],"about":[{"href":"https:\/\/conesaespaisalut.com\/ca\/wp-json\/wp\/v2\/types\/page"}],"author":[{"embeddable":true,"href":"https:\/\/conesaespaisalut.com\/ca\/wp-json\/wp\/v2\/users\/2"}],"replies":[{"embeddable":true,"href":"https:\/\/conesaespaisalut.com\/ca\/wp-json\/wp\/v2\/comments?post=98"}],"version-history":[{"count":31,"href":"https:\/\/conesaespaisalut.com\/ca\/wp-json\/wp\/v2\/pages\/98\/revisions"}],"predecessor-version":[{"id":673,"href":"https:\/\/conesaespaisalut.com\/ca\/wp-json\/wp\/v2\/pages\/98\/revisions\/673"}],"wp:attachment":[{"href":"https:\/\/conesaespaisalut.com\/ca\/wp-json\/wp\/v2\/media?parent=98"}],"curies":[{"name":"wp","href":"https:\/\/api.w.org\/{rel}","templated":true}]}}